{"id":9975,"date":"2022-11-16T14:25:21","date_gmt":"2022-11-16T11:25:21","guid":{"rendered":"https:\/\/guvencboya.com.tr\/?page_id=9975"},"modified":"2022-12-09T18:16:32","modified_gmt":"2022-12-09T15:16:32","slug":"bize-katilin","status":"publish","type":"page","link":"https:\/\/guvencboya.com.tr\/tr\/bize-katilin\/","title":{"rendered":"Bize Kat\u0131l\u0131n"},"content":{"rendered":"\t\t<div data-elementor-type=\"wp-page\" data-elementor-id=\"9975\" class=\"elementor elementor-9975\">\n\t\t\t\t\t\t\t\t\t<section class=\"elementor-section elementor-top-section elementor-element elementor-element-3cd4396 elementor-section-full_width elementor-section-content-middle elementor-section-height-default elementor-section-height-default wd-section-disabled\" data-id=\"3cd4396\" data-element_type=\"section\">\n\t\t\t\t\t\t<div class=\"elementor-container elementor-column-gap-narrow\">\n\t\t\t\t\t<div class=\"elementor-column elementor-col-50 elementor-top-column elementor-element elementor-element-411e8b3\" data-id=\"411e8b3\" data-element_type=\"column\">\n\t\t\t<div class=\"elementor-widget-wrap elementor-element-populated\">\n\t\t\t\t\t\t\t\t<div class=\"elementor-element elementor-element-e298073 elementor-widget elementor-widget-wd_infobox\" data-id=\"e298073\" data-element_type=\"widget\" data-widget_type=\"wd_infobox.default\">\n\t\t\t\t<div class=\"elementor-widget-container\">\n\t\t\t\t\t\t<link rel=\"stylesheet\" id=\"wd-info-box-css\" href=\"https:\/\/guvencboya.com.tr\/wp-content\/themes\/woodmart\/css\/parts\/el-info-box.min.css?ver=7.0.3\" type=\"text\/css\" media=\"all\" \/> \t\t\t\t\t<div class=\"info-box-wrapper\">\n\t\t\t<div class=\"wd-info-box text-left box-icon-align-left box-style-base color-scheme-\" >\n\t\t\t\t\t\t\t\t\t<div class=\"box-icon-wrapper  box-with-icon box-icon-simple\">\n\t\t\t\t\t\t<div class=\"info-box-icon\">\n\t\t\t\t\t\t\t\t\t\t\t\t\t\t\t<img decoding=\"async\" src=\"https:\/\/guvencboya.com.tr\/wp-content\/uploads\/elementor\/thumbs\/headhunting-pxsp7apgn7ngzk6dor9hlx4dw3gdm88qyoze1alp1c.png\" title=\"headhunting\" alt=\"headhunting\" \/>\t\t\t\t\t\t\t\t\t\t\t\t\t<\/div>\n\t\t\t\t\t<\/div>\n\t\t\t\t\n\t\t\t\t<div class=\"info-box-content\">\n\t\t\t\t\t\n\t\t\t\t\t\t\t\t\t\t\t<h6\t\t\t\t\t\tclass=\"info-box-title title box-title-style-default wd-fontsize-xxl\" data-elementor-setting-key=\"title\">\n\t\t\t\t\t\t\t\tA\u00e7\u0131k Pozisyonlar\t\t\t\t\t\t<\/h6>\n\t\t\t\t\t\n\t\t\t\t\t<div class=\"info-box-inner set-cont-mb-s reset-last-child\"\n\t\t\t\t\t\t data-elementor-setting-key=\"content\">\n\t\t\t\t\t\t<p id=\"tw-target-text\" class=\"tw-data-text tw-text-large tw-ta\" dir=\"ltr\" data-placeholder=\"\u00c7eviri\">Size d\u00fc\u015fen; bizi o pozisyon i\u00e7in sizin\u00a0do\u011fru ki\u015fi oldu\u011funuza ikna etmek olmal\u0131d\u0131r.<\/p>\n\t\t\t\t\t<\/div>\n\t\n\t\t\t\t\t\t\t\t\t<\/div>\n\t\t\t<\/div>\n\t\t<\/div>\n\t\t\t\t<\/div>\n\t\t\t\t<\/div>\n\t\t\t\t\t<\/div>\n\t\t<\/div>\n\t\t\t\t<div class=\"elementor-column elementor-col-50 elementor-top-column elementor-element elementor-element-5a10672\" data-id=\"5a10672\" data-element_type=\"column\">\n\t\t\t<div class=\"elementor-widget-wrap elementor-element-populated\">\n\t\t\t\t\t\t\t\t<div class=\"elementor-element elementor-element-e61e145 elementor-widget elementor-widget-wd_infobox\" data-id=\"e61e145\" data-element_type=\"widget\" data-widget_type=\"wd_infobox.default\">\n\t\t\t\t<div class=\"elementor-widget-container\">\n\t\t\t\t\t<div class=\"info-box-wrapper\">\n\t\t\t<div class=\"wd-info-box text-left box-icon-align-left box-style-base color-scheme- cursor-pointer\" onclick=\"window.location.href='mailto:insankaynaklari@guvencboya.com.tr'\">\n\t\t\t\t\t\t\t\t\t<div class=\"box-icon-wrapper  box-with-icon box-icon-simple\">\n\t\t\t\t\t\t<div class=\"info-box-icon\">\n\t\t\t\t\t\t\t\t\t\t\t\t\t\t\t<img decoding=\"async\" src=\"https:\/\/guvencboya.com.tr\/wp-content\/uploads\/elementor\/thumbs\/job-description-pxsp2jmu3d5aaj2vfpbe04ahryvkpbdln690oxnchs.png\" title=\"job-description\" alt=\"job-description\" \/>\t\t\t\t\t\t\t\t\t\t\t\t\t<\/div>\n\t\t\t\t\t<\/div>\n\t\t\t\t\n\t\t\t\t<div class=\"info-box-content\">\n\t\t\t\t\t\n\t\t\t\t\t\t\t\t\t\t\t<h6\t\t\t\t\t\tclass=\"info-box-title title box-title-style-default wd-fontsize-xxl\" data-elementor-setting-key=\"title\">\n\t\t\t\t\t\t\t\t\u00d6zge\u00e7mi\u015f B\u0131rak\u0131n\t\t\t\t\t\t<\/h6>\n\t\t\t\t\t\n\t\t\t\t\t<div class=\"info-box-inner set-cont-mb-s reset-last-child\"\n\t\t\t\t\t\t data-elementor-setting-key=\"content\">\n\t\t\t\t\t\t<p>\u0130stihdam ihtiya\u00e7lar\u0131nda de\u011ferlendirilmek \u00fczere \u00f6zge\u00e7mi\u015finizi buradan b\u0131rakabilirsiniz.<\/p>\n\t\t\t\t\t<\/div>\n\t\n\t\t\t\t\t\t\t\t\t<\/div>\n\t\t\t<\/div>\n\t\t<\/div>\n\t\t\t\t<\/div>\n\t\t\t\t<\/div>\n\t\t\t\t\t<\/div>\n\t\t<\/div>\n\t\t\t\t\t\t\t<\/div>\n\t\t<\/section>\n\t\t\t\t\t\t\t<\/div>\n\t\t","protected":false},"excerpt":{"rendered":"<p>A\u00e7\u0131k Pozisyonlar Size d\u00fc\u015fen; bizi o pozisyon i\u00e7in sizin\u00a0do\u011fru ki\u015fi oldu\u011funuza ikna etmek olmal\u0131d\u0131r. \u00d6zge\u00e7mi\u015f B\u0131rak\u0131n \u0130stihdam ihtiya\u00e7lar\u0131nda de\u011ferlendirilmek \u00fczere<\/p>\n","protected":false},"author":1,"featured_media":0,"parent":0,"menu_order":0,"comment_status":"closed","ping_status":"closed","template":"elementor_header_footer","meta":{"footnotes":""},"class_list":["post-9975","page","type-page","status-publish","hentry"],"_links":{"self":[{"href":"https:\/\/guvencboya.com.tr\/tr\/wp-json\/wp\/v2\/pages\/9975","targetHints":{"allow":["GET"]}}],"collection":[{"href":"https:\/\/guvencboya.com.tr\/tr\/wp-json\/wp\/v2\/pages"}],"about":[{"href":"https:\/\/guvencboya.com.tr\/tr\/wp-json\/wp\/v2\/types\/page"}],"author":[{"embeddable":true,"href":"https:\/\/guvencboya.com.tr\/tr\/wp-json\/wp\/v2\/users\/1"}],"replies":[{"embeddable":true,"href":"https:\/\/guvencboya.com.tr\/tr\/wp-json\/wp\/v2\/comments?post=9975"}],"version-history":[{"count":42,"href":"https:\/\/guvencboya.com.tr\/tr\/wp-json\/wp\/v2\/pages\/9975\/revisions"}],"predecessor-version":[{"id":11218,"href":"https:\/\/guvencboya.com.tr\/tr\/wp-json\/wp\/v2\/pages\/9975\/revisions\/11218"}],"wp:attachment":[{"href":"https:\/\/guvencboya.com.tr\/tr\/wp-json\/wp\/v2\/media?parent=9975"}],"curies":[{"name":"wp","href":"https:\/\/api.w.org\/{rel}","templated":true}]}}