{"id":9951,"date":"2022-11-10T17:40:27","date_gmt":"2022-11-10T14:40:27","guid":{"rendered":"https:\/\/guvencboya.com.tr\/?page_id=9951"},"modified":"2022-12-09T13:03:34","modified_gmt":"2022-12-09T10:03:34","slug":"tarihce","status":"publish","type":"page","link":"https:\/\/guvencboya.com.tr\/tr\/tarihce\/","title":{"rendered":"Tarih\u00e7e"},"content":{"rendered":"\t\t<div data-elementor-type=\"wp-page\" data-elementor-id=\"9951\" class=\"elementor elementor-9951\">\n\t\t\t\t\t\t\t\t\t\t<link rel=\"stylesheet\" id=\"wd-animations-css\" href=\"https:\/\/guvencboya.com.tr\/wp-content\/themes\/woodmart\/css\/parts\/mod-animations.min.css?ver=7.0.3\" type=\"text\/css\" media=\"all\" \/> \t\t\t\t\t<section class=\"wd-negative-gap elementor-section elementor-top-section elementor-element elementor-element-690d187 wd-animation-slide-from-bottom elementor-hidden-tablet elementor-hidden-mobile elementor-section-boxed elementor-section-height-default elementor-section-height-default wd-section-disabled wd-animation-normal wd_delay_100\" data-id=\"690d187\" data-element_type=\"section\">\n\t\t\t\t\t\t<div class=\"elementor-container elementor-column-gap-default\">\n\t\t\t\t\t<div class=\"elementor-column elementor-col-100 elementor-top-column elementor-element elementor-element-194dc79\" data-id=\"194dc79\" data-element_type=\"column\">\n\t\t\t<div class=\"elementor-widget-wrap elementor-element-populated\">\n\t\t\t\t\t\t\t\t<div class=\"elementor-element elementor-element-aa7e8eb elementor-widget elementor-widget-wd_timeline\" data-id=\"aa7e8eb\" data-element_type=\"widget\" data-widget_type=\"wd_timeline.default\">\n\t\t\t\t<div class=\"elementor-widget-container\">\n\t\t\t\t\t\t<link rel=\"stylesheet\" id=\"wd-timeline-css\" href=\"https:\/\/guvencboya.com.tr\/wp-content\/themes\/woodmart\/css\/parts\/el-timeline.min.css?ver=7.0.3\" type=\"text\/css\" media=\"all\" \/> \t\t\t\t\t<div class=\"wd-timeline-wrapper wd-item-default wd-line-dashed\">\n\t\t\t<div class=\"woodmart-timeline-line\">\n\t\t\t\t<span class=\"line-dot dot-start\"><\/span>\n\t\t\t\t<span class=\"line-dot dot-end\"><\/span>\n\t\t\t<\/div>\n\n\t\t\t<div class=\"wd-timeline\">\n\t\t\t\t\t\t\t\t\t\t\t\t\t\t\t\t\t\t\t\t<div class=\"wd-timeline-item wd-item-position-left elementor-repeater-item-986021c\">\n\t\t\t\t\t\t\t<div class=\"woodmart-timeline-dot\"><\/div>\n\n\t\t\t\t\t\t\t<div class=\"timeline-col timeline-col-primary\">\n\t\t\t\t\t\t\t\t<span class=\"timeline-arrow\"><\/span>\n\t\t\t\t\t\t\t\t\n\t\t\t\t\t\t\t\t\t\t\t\t\t\t\t\t\t<h4 class=\"wd-timeline-title\">\n\t\t\t\t\t\t\t\t\t\t1979\t\t\t\t\t\t\t\t\t<\/h4>\n\t\t\t\t\t\t\t\t\n\t\t\t\t\t\t\t\t<div class=\"wd-timeline-content set-cont-mb-s reset-last-child\">\n\t\t\t\t\t\t\t\t\t\t\t\t\t\t\t\t\t<\/div>\n\t\t\t\t\t\t\t<\/div>\n\n\t\t\t\t\t\t\t<div class=\"timeline-col timeline-col-secondary\">\n\t\t\t\t\t\t\t\t<span class=\"timeline-arrow\"><\/span>\n\t\t\t\t\t\t\t\t\n\t\t\t\t\t\t\t\t\n\t\t\t\t\t\t\t\t<div class=\"wd-timeline-content set-cont-mb-s reset-last-child\">\n\t\t\t\t\t\t\t\t\t<p>Sene 1979\u2019da Ali R\u0131za G\u00fcven\u00e7\u2019in yeni giri\u015fimleri ile Denizli\u2019de G\u00fcven\u00e7\u2019in temelleri at\u0131ld\u0131. 1995 y\u0131l\u0131na kadar i\u00e7 piyasa sekt\u00f6r\u00fc ile \u00e7al\u0131\u015fan G\u00fcven\u00e7, ilk defa ihracat yapan firmalar ile i\u015f birli\u011fi yapmaya ba\u015flad\u0131.<\/p>\t\t\t\t\t\t\t\t<\/div>\n\t\t\t\t\t\t\t<\/div>\n\t\t\t\t\t\t<\/div>\n\t\t\t\t\t\t\t\t\t\t\t\t\t\t\t\t\t\t\t\t\t\t\t\t\t<div class=\"wd-timeline-item wd-item-position-left elementor-repeater-item-3bb3e39\">\n\t\t\t\t\t\t\t<div class=\"woodmart-timeline-dot\"><\/div>\n\n\t\t\t\t\t\t\t<div class=\"timeline-col timeline-col-primary\">\n\t\t\t\t\t\t\t\t<span class=\"timeline-arrow\"><\/span>\n\t\t\t\t\t\t\t\t\n\t\t\t\t\t\t\t\t\n\t\t\t\t\t\t\t\t<div class=\"wd-timeline-content set-cont-mb-s reset-last-child\">\n\t\t\t\t\t\t\t\t\t<p style=\"text-align: right;\">2003 y\u0131l\u0131nda kurucu Ali R\u0131za G\u00fcven\u00e7\u2019in vefat\u0131n\u0131n ard\u0131ndan, Remziye G\u00fcven\u00e7 \u015firketin y\u00f6netimini devrald\u0131 ve Y\u00f6netim Kurulu Ba\u015fkanl\u0131\u011f\u0131 g\u00f6revini \u00fcstlendi. \u0130kinci bir d\u00f6neme giren G\u00fcven\u00e7, pek \u00e7ok zorlu s\u00fcre\u00e7lerin \u00fcstesinden gelerek, temel de\u011ferlerini kaybetmeden y\u00fckseli\u015fe do\u011fru emin ad\u0131mlar att\u0131.<\/p>\t\t\t\t\t\t\t\t<\/div>\n\t\t\t\t\t\t\t<\/div>\n\n\t\t\t\t\t\t\t<div class=\"timeline-col timeline-col-secondary\">\n\t\t\t\t\t\t\t\t<span class=\"timeline-arrow\"><\/span>\n\t\t\t\t\t\t\t\t\n\t\t\t\t\t\t\t\t\t\t\t\t\t\t\t\t\t<h4 class=\"wd-timeline-title\">\n\t\t\t\t\t\t\t\t\t\t2003\t\t\t\t\t\t\t\t\t<\/h4>\n\t\t\t\t\t\t\t\t\n\t\t\t\t\t\t\t\t<div class=\"wd-timeline-content set-cont-mb-s reset-last-child\">\n\t\t\t\t\t\t\t\t\t\t\t\t\t\t\t\t\t<\/div>\n\t\t\t\t\t\t\t<\/div>\n\t\t\t\t\t\t<\/div>\n\t\t\t\t\t\t\t\t\t\t\t\t\t\t\t\t\t\t\t\t\t\t\t\t\t<div class=\"wd-timeline-item wd-item-position-left elementor-repeater-item-e504559\">\n\t\t\t\t\t\t\t<div class=\"woodmart-timeline-dot\"><\/div>\n\n\t\t\t\t\t\t\t<div class=\"timeline-col timeline-col-primary\">\n\t\t\t\t\t\t\t\t<span class=\"timeline-arrow\"><\/span>\n\t\t\t\t\t\t\t\t\n\t\t\t\t\t\t\t\t\t\t\t\t\t\t\t\t\t<h4 class=\"wd-timeline-title\">\n\t\t\t\t\t\t\t\t\t\t2016\t\t\t\t\t\t\t\t\t<\/h4>\n\t\t\t\t\t\t\t\t\n\t\t\t\t\t\t\t\t<div class=\"wd-timeline-content set-cont-mb-s reset-last-child\">\n\t\t\t\t\t\t\t\t\t\t\t\t\t\t\t\t\t<\/div>\n\t\t\t\t\t\t\t<\/div>\n\n\t\t\t\t\t\t\t<div class=\"timeline-col timeline-col-secondary\">\n\t\t\t\t\t\t\t\t<span class=\"timeline-arrow\"><\/span>\n\t\t\t\t\t\t\t\t\n\t\t\t\t\t\t\t\t\n\t\t\t\t\t\t\t\t<div class=\"wd-timeline-content set-cont-mb-s reset-last-child\">\n\t\t\t\t\t\t\t\t\t<p>2016 y\u0131l\u0131nda G\u00fcven\u00e7 uluslararas\u0131 \u00e7al\u0131\u015fma ilkelerine uygun g\u00f6r\u00fcld\u00fc ve d\u00fcnya \u00e7ap\u0131ndaki markalar ile i\u015fbirli\u011fi yapmaya ba\u015flad\u0131.<\/p>\t\t\t\t\t\t\t\t<\/div>\n\t\t\t\t\t\t\t<\/div>\n\t\t\t\t\t\t<\/div>\n\t\t\t\t\t\t\t\t\t\t\t\t\t\t\t\t\t\t\t\t\t\t\t\t\t<div class=\"wd-timeline-item wd-item-position-left elementor-repeater-item-68c6eb6\">\n\t\t\t\t\t\t\t<div class=\"woodmart-timeline-dot\"><\/div>\n\n\t\t\t\t\t\t\t<div class=\"timeline-col timeline-col-primary\">\n\t\t\t\t\t\t\t\t<span class=\"timeline-arrow\"><\/span>\n\t\t\t\t\t\t\t\t\n\t\t\t\t\t\t\t\t\n\t\t\t\t\t\t\t\t<div class=\"wd-timeline-content set-cont-mb-s reset-last-child\">\n\t\t\t\t\t\t\t\t\t<p style=\"text-align: right;\">G\u00fcn\u00fcm\u00fczde ise vizyonumuzu s\u00fcrekli dinamik olarak geli\u015ftiriyor ge\u00e7mi\u015ften gelen temel de\u011ferlerimize sad\u0131k kalarak gelece\u011fe emin ad\u0131mlarla ilerliyoruz.<\/p>\t\t\t\t\t\t\t\t<\/div>\n\t\t\t\t\t\t\t<\/div>\n\n\t\t\t\t\t\t\t<div class=\"timeline-col timeline-col-secondary\">\n\t\t\t\t\t\t\t\t<span class=\"timeline-arrow\"><\/span>\n\t\t\t\t\t\t\t\t\n\t\t\t\t\t\t\t\t\t\t\t\t\t\t\t\t\t<h4 class=\"wd-timeline-title\">\n\t\t\t\t\t\t\t\t\t\t2022\t\t\t\t\t\t\t\t\t<\/h4>\n\t\t\t\t\t\t\t\t\n\t\t\t\t\t\t\t\t<div class=\"wd-timeline-content set-cont-mb-s reset-last-child\">\n\t\t\t\t\t\t\t\t\t\t\t\t\t\t\t\t\t<\/div>\n\t\t\t\t\t\t\t<\/div>\n\t\t\t\t\t\t<\/div>\n\t\t\t\t\t\t\t\t\t\t\t\t<\/div>\n\t\t<\/div>\n\t\t\t\t<\/div>\n\t\t\t\t<\/div>\n\t\t\t\t\t<\/div>\n\t\t<\/div>\n\t\t\t\t\t\t\t<\/div>\n\t\t<\/section>\n\t\t\t\t<section class=\"wd-negative-gap elementor-section elementor-top-section elementor-element elementor-element-c89bc57 wd-animation-slide-from-bottom elementor-hidden-desktop elementor-section-boxed elementor-section-height-default elementor-section-height-default wd-section-disabled wd-animation-normal wd_delay_100\" data-id=\"c89bc57\" data-element_type=\"section\">\n\t\t\t\t\t\t<div class=\"elementor-container elementor-column-gap-default\">\n\t\t\t\t\t<div class=\"elementor-column elementor-col-100 elementor-top-column elementor-element elementor-element-bee7e27\" data-id=\"bee7e27\" data-element_type=\"column\">\n\t\t\t<div class=\"elementor-widget-wrap elementor-element-populated\">\n\t\t\t\t\t\t\t\t<div class=\"elementor-element elementor-element-7009a80 elementor-widget elementor-widget-wd_timeline\" data-id=\"7009a80\" data-element_type=\"widget\" data-widget_type=\"wd_timeline.default\">\n\t\t\t\t<div class=\"elementor-widget-container\">\n\t\t\t\t\t<div class=\"wd-timeline-wrapper wd-item-default wd-line-dashed\">\n\t\t\t<div class=\"woodmart-timeline-line\">\n\t\t\t\t<span class=\"line-dot dot-start\"><\/span>\n\t\t\t\t<span class=\"line-dot dot-end\"><\/span>\n\t\t\t<\/div>\n\n\t\t\t<div class=\"wd-timeline\">\n\t\t\t\t\t\t\t\t\t\t\t\t\t\t\t\t\t\t\t\t<div class=\"wd-timeline-item wd-item-position-left elementor-repeater-item-986021c\">\n\t\t\t\t\t\t\t<div class=\"woodmart-timeline-dot\"><\/div>\n\n\t\t\t\t\t\t\t<div class=\"timeline-col timeline-col-primary\">\n\t\t\t\t\t\t\t\t<span class=\"timeline-arrow\"><\/span>\n\t\t\t\t\t\t\t\t\n\t\t\t\t\t\t\t\t\t\t\t\t\t\t\t\t\t<h4 class=\"wd-timeline-title\">\n\t\t\t\t\t\t\t\t\t\t1979\t\t\t\t\t\t\t\t\t<\/h4>\n\t\t\t\t\t\t\t\t\n\t\t\t\t\t\t\t\t<div class=\"wd-timeline-content set-cont-mb-s reset-last-child\">\n\t\t\t\t\t\t\t\t\t\t\t\t\t\t\t\t\t<\/div>\n\t\t\t\t\t\t\t<\/div>\n\n\t\t\t\t\t\t\t<div class=\"timeline-col timeline-col-secondary\">\n\t\t\t\t\t\t\t\t<span class=\"timeline-arrow\"><\/span>\n\t\t\t\t\t\t\t\t\n\t\t\t\t\t\t\t\t\n\t\t\t\t\t\t\t\t<div class=\"wd-timeline-content set-cont-mb-s reset-last-child\">\n\t\t\t\t\t\t\t\t\t<p>Sene 1979\u2019da Ali R\u0131za G\u00fcven\u00e7\u2019in yeni giri\u015fimleri ile Denizli\u2019de G\u00fcven\u00e7\u2019in temelleri at\u0131ld\u0131. 1995 y\u0131l\u0131na kadar i\u00e7 piyasa sekt\u00f6r\u00fc ile \u00e7al\u0131\u015fan G\u00fcven\u00e7, ilk defa ihracat yapan firmalar ile i\u015f birli\u011fi yapmaya ba\u015flad\u0131.<\/p>\t\t\t\t\t\t\t\t<\/div>\n\t\t\t\t\t\t\t<\/div>\n\t\t\t\t\t\t<\/div>\n\t\t\t\t\t\t\t\t\t\t\t\t\t\t\t\t\t\t\t\t\t\t\t\t\t<div class=\"wd-timeline-item wd-item-position-left elementor-repeater-item-3bb3e39\">\n\t\t\t\t\t\t\t<div class=\"woodmart-timeline-dot\"><\/div>\n\n\t\t\t\t\t\t\t<div class=\"timeline-col timeline-col-primary\">\n\t\t\t\t\t\t\t\t<span class=\"timeline-arrow\"><\/span>\n\t\t\t\t\t\t\t\t\n\t\t\t\t\t\t\t\t\t\t\t\t\t\t\t\t\t<h4 class=\"wd-timeline-title\">\n\t\t\t\t\t\t\t\t\t\t2003\t\t\t\t\t\t\t\t\t<\/h4>\n\t\t\t\t\t\t\t\t\n\t\t\t\t\t\t\t\t<div class=\"wd-timeline-content set-cont-mb-s reset-last-child\">\n\t\t\t\t\t\t\t\t\t\t\t\t\t\t\t\t\t<\/div>\n\t\t\t\t\t\t\t<\/div>\n\n\t\t\t\t\t\t\t<div class=\"timeline-col timeline-col-secondary\">\n\t\t\t\t\t\t\t\t<span class=\"timeline-arrow\"><\/span>\n\t\t\t\t\t\t\t\t\n\t\t\t\t\t\t\t\t\n\t\t\t\t\t\t\t\t<div class=\"wd-timeline-content set-cont-mb-s reset-last-child\">\n\t\t\t\t\t\t\t\t\t<p>2003 y\u0131l\u0131nda kurucu Ali R\u0131za G\u00fcven\u00e7\u2019in vefat\u0131n\u0131n ard\u0131ndan, Remziye G\u00fcven\u00e7 \u015firketin y\u00f6netimini devrald\u0131 ve Y\u00f6netim Kurulu Ba\u015fkanl\u0131\u011f\u0131 g\u00f6revini \u00fcstlendi. \u0130kinci bir d\u00f6neme giren G\u00fcven\u00e7, pek \u00e7ok zorlu s\u00fcre\u00e7lerin \u00fcstesinden gelerek, temel de\u011ferlerini kaybetmeden y\u00fckseli\u015fe do\u011fru emin ad\u0131mlar att\u0131.<\/p>\t\t\t\t\t\t\t\t<\/div>\n\t\t\t\t\t\t\t<\/div>\n\t\t\t\t\t\t<\/div>\n\t\t\t\t\t\t\t\t\t\t\t\t\t\t\t\t\t\t\t\t\t\t\t\t\t<div class=\"wd-timeline-item wd-item-position-left elementor-repeater-item-e504559\">\n\t\t\t\t\t\t\t<div class=\"woodmart-timeline-dot\"><\/div>\n\n\t\t\t\t\t\t\t<div class=\"timeline-col timeline-col-primary\">\n\t\t\t\t\t\t\t\t<span class=\"timeline-arrow\"><\/span>\n\t\t\t\t\t\t\t\t\n\t\t\t\t\t\t\t\t\t\t\t\t\t\t\t\t\t<h4 class=\"wd-timeline-title\">\n\t\t\t\t\t\t\t\t\t\t2016\t\t\t\t\t\t\t\t\t<\/h4>\n\t\t\t\t\t\t\t\t\n\t\t\t\t\t\t\t\t<div class=\"wd-timeline-content set-cont-mb-s reset-last-child\">\n\t\t\t\t\t\t\t\t\t\t\t\t\t\t\t\t\t<\/div>\n\t\t\t\t\t\t\t<\/div>\n\n\t\t\t\t\t\t\t<div class=\"timeline-col timeline-col-secondary\">\n\t\t\t\t\t\t\t\t<span class=\"timeline-arrow\"><\/span>\n\t\t\t\t\t\t\t\t\n\t\t\t\t\t\t\t\t\n\t\t\t\t\t\t\t\t<div class=\"wd-timeline-content set-cont-mb-s reset-last-child\">\n\t\t\t\t\t\t\t\t\t<p>2016 y\u0131l\u0131nda G\u00fcven\u00e7 uluslararas\u0131 \u00e7al\u0131\u015fma ilkelerine uygun g\u00f6r\u00fcld\u00fc ve d\u00fcnya \u00e7ap\u0131ndaki markalar ile i\u015fbirli\u011fi yapmaya ba\u015flad\u0131.<\/p>\t\t\t\t\t\t\t\t<\/div>\n\t\t\t\t\t\t\t<\/div>\n\t\t\t\t\t\t<\/div>\n\t\t\t\t\t\t\t\t\t\t\t\t\t\t\t\t\t\t\t\t\t\t\t\t\t<div class=\"wd-timeline-item wd-item-position-left elementor-repeater-item-68c6eb6\">\n\t\t\t\t\t\t\t<div class=\"woodmart-timeline-dot\"><\/div>\n\n\t\t\t\t\t\t\t<div class=\"timeline-col timeline-col-primary\">\n\t\t\t\t\t\t\t\t<span class=\"timeline-arrow\"><\/span>\n\t\t\t\t\t\t\t\t\n\t\t\t\t\t\t\t\t\t\t\t\t\t\t\t\t\t<h4 class=\"wd-timeline-title\">\n\t\t\t\t\t\t\t\t\t\t2022\t\t\t\t\t\t\t\t\t<\/h4>\n\t\t\t\t\t\t\t\t\n\t\t\t\t\t\t\t\t<div class=\"wd-timeline-content set-cont-mb-s reset-last-child\">\n\t\t\t\t\t\t\t\t\t\t\t\t\t\t\t\t\t<\/div>\n\t\t\t\t\t\t\t<\/div>\n\n\t\t\t\t\t\t\t<div class=\"timeline-col timeline-col-secondary\">\n\t\t\t\t\t\t\t\t<span class=\"timeline-arrow\"><\/span>\n\t\t\t\t\t\t\t\t\n\t\t\t\t\t\t\t\t\n\t\t\t\t\t\t\t\t<div class=\"wd-timeline-content set-cont-mb-s reset-last-child\">\n\t\t\t\t\t\t\t\t\t<p>G\u00fcn\u00fcm\u00fczde ise vizyonumuzu s\u00fcrekli dinamik olarak geli\u015ftiriyor ge\u00e7mi\u015ften gelen temel de\u011ferlerimize sad\u0131k kalarak gelece\u011fe emin ad\u0131mlarla ilerliyoruz.<\/p>\t\t\t\t\t\t\t\t<\/div>\n\t\t\t\t\t\t\t<\/div>\n\t\t\t\t\t\t<\/div>\n\t\t\t\t\t\t\t\t\t\t\t\t<\/div>\n\t\t<\/div>\n\t\t\t\t<\/div>\n\t\t\t\t<\/div>\n\t\t\t\t\t<\/div>\n\t\t<\/div>\n\t\t\t\t\t\t\t<\/div>\n\t\t<\/section>\n\t\t\t\t\t\t\t<\/div>\n\t\t","protected":false},"excerpt":{"rendered":"<p>1979 Sene 1979\u2019da Ali R\u0131za G\u00fcven\u00e7\u2019in yeni giri\u015fimleri ile Denizli\u2019de G\u00fcven\u00e7\u2019in temelleri at\u0131ld\u0131. 1995 y\u0131l\u0131na kadar i\u00e7 piyasa sekt\u00f6r\u00fc ile<\/p>\n","protected":false},"author":1,"featured_media":0,"parent":0,"menu_order":0,"comment_status":"closed","ping_status":"closed","template":"elementor_header_footer","meta":{"footnotes":""},"class_list":["post-9951","page","type-page","status-publish","hentry"],"_links":{"self":[{"href":"https:\/\/guvencboya.com.tr\/tr\/wp-json\/wp\/v2\/pages\/9951","targetHints":{"allow":["GET"]}}],"collection":[{"href":"https:\/\/guvencboya.com.tr\/tr\/wp-json\/wp\/v2\/pages"}],"about":[{"href":"https:\/\/guvencboya.com.tr\/tr\/wp-json\/wp\/v2\/types\/page"}],"author":[{"embeddable":true,"href":"https:\/\/guvencboya.com.tr\/tr\/wp-json\/wp\/v2\/users\/1"}],"replies":[{"embeddable":true,"href":"https:\/\/guvencboya.com.tr\/tr\/wp-json\/wp\/v2\/comments?post=9951"}],"version-history":[{"count":43,"href":"https:\/\/guvencboya.com.tr\/tr\/wp-json\/wp\/v2\/pages\/9951\/revisions"}],"predecessor-version":[{"id":11074,"href":"https:\/\/guvencboya.com.tr\/tr\/wp-json\/wp\/v2\/pages\/9951\/revisions\/11074"}],"wp:attachment":[{"href":"https:\/\/guvencboya.com.tr\/tr\/wp-json\/wp\/v2\/media?parent=9951"}],"curies":[{"name":"wp","href":"https:\/\/api.w.org\/{rel}","templated":true}]}}