{"id":9940,"date":"2022-11-10T17:35:07","date_gmt":"2022-11-10T14:35:07","guid":{"rendered":"https:\/\/guvencboya.com.tr\/?page_id=9940"},"modified":"2022-12-09T18:28:01","modified_gmt":"2022-12-09T15:28:01","slug":"temel-degerlerimiz","status":"publish","type":"page","link":"https:\/\/guvencboya.com.tr\/tr\/temel-degerlerimiz\/","title":{"rendered":"Temel De\u011ferlerimiz"},"content":{"rendered":"\t\t<div data-elementor-type=\"wp-page\" data-elementor-id=\"9940\" class=\"elementor elementor-9940\">\n\t\t\t\t\t\t\t\t\t<section class=\"elementor-section elementor-top-section elementor-element elementor-element-73dbc65 elementor-section-content-top elementor-section-boxed elementor-section-height-default elementor-section-height-default wd-section-disabled\" data-id=\"73dbc65\" data-element_type=\"section\">\n\t\t\t\t\t\t<div class=\"elementor-container elementor-column-gap-narrow\">\n\t\t\t\t\t<div class=\"elementor-column elementor-col-33 elementor-top-column elementor-element elementor-element-21d81f0\" data-id=\"21d81f0\" data-element_type=\"column\">\n\t\t\t<div class=\"elementor-widget-wrap elementor-element-populated\">\n\t\t\t\t\t\t\t\t<div class=\"elementor-element elementor-element-2cd03c5 elementor-widget elementor-widget-image\" data-id=\"2cd03c5\" data-element_type=\"widget\" data-widget_type=\"image.default\">\n\t\t\t\t<div class=\"elementor-widget-container\">\n\t\t\t<style>\/*! elementor - v3.8.1 - 13-11-2022 *\/\n.elementor-widget-image{text-align:center}.elementor-widget-image a{display:inline-block}.elementor-widget-image a img[src$=\".svg\"]{width:48px}.elementor-widget-image img{vertical-align:middle;display:inline-block}<\/style>\t\t\t\t\t\t\t\t\t\t\t\t<img loading=\"lazy\" decoding=\"async\" width=\"198\" height=\"527\" src=\"https:\/\/guvencboya.com.tr\/wp-content\/uploads\/2022\/12\/temel1.jpg\" class=\"attachment-full size-full\" alt=\"\" srcset=\"https:\/\/guvencboya.com.tr\/wp-content\/uploads\/2022\/12\/temel1.jpg 198w, https:\/\/guvencboya.com.tr\/wp-content\/uploads\/2022\/12\/temel1-113x300.jpg 113w\" sizes=\"auto, (max-width: 198px) 100vw, 198px\" \/>\t\t\t\t\t\t\t\t\t\t\t\t\t\t\t<\/div>\n\t\t\t\t<\/div>\n\t\t\t\t\t<\/div>\n\t\t<\/div>\n\t\t\t\t<div class=\"elementor-column elementor-col-33 elementor-top-column elementor-element elementor-element-da4b816\" data-id=\"da4b816\" data-element_type=\"column\">\n\t\t\t<div class=\"elementor-widget-wrap elementor-element-populated\">\n\t\t\t\t\t\t\t\t<div class=\"elementor-element elementor-element-b8cbf35 elementor-widget elementor-widget-wd_text_block\" data-id=\"b8cbf35\" data-element_type=\"widget\" data-widget_type=\"wd_text_block.default\">\n\t\t\t\t<div class=\"elementor-widget-container\">\n\t\t\t\t\t\t<link rel=\"stylesheet\" id=\"wd-text-block-css\" href=\"https:\/\/guvencboya.com.tr\/wp-content\/themes\/woodmart\/css\/parts\/el-text-block.min.css?ver=7.0.3\" type=\"text\/css\" media=\"all\" \/> \t\t\t\t\t<div class=\"wd-text-block reset-last-child text-center\">\n\t\t\t\n\t\t\t<p style=\"text-align: center;\">\u00c7al\u0131\u015fkanl\u0131k ve \u015feffa\ufb02\u0131k misyonumuzun en de\u011ferli anahtar\u0131d\u0131r.<span style=\"font-size: 22px;\"><\/span><\/p>\n\t\t\t\t\t<\/div>\n\t\t\t\t<\/div>\n\t\t\t\t<\/div>\n\t\t\t\t<div class=\"elementor-element elementor-element-834de8d elementor-widget elementor-widget-image\" data-id=\"834de8d\" data-element_type=\"widget\" data-widget_type=\"image.default\">\n\t\t\t\t<div class=\"elementor-widget-container\">\n\t\t\t\t\t\t\t\t\t\t\t\t\t\t\t<img loading=\"lazy\" decoding=\"async\" width=\"514\" height=\"302\" src=\"https:\/\/guvencboya.com.tr\/wp-content\/uploads\/2022\/12\/temel2.jpg\" class=\"attachment-full size-full\" alt=\"\" srcset=\"https:\/\/guvencboya.com.tr\/wp-content\/uploads\/2022\/12\/temel2.jpg 514w, https:\/\/guvencboya.com.tr\/wp-content\/uploads\/2022\/12\/temel2-300x176.jpg 300w\" sizes=\"auto, (max-width: 514px) 100vw, 514px\" \/>\t\t\t\t\t\t\t\t\t\t\t\t\t\t\t<\/div>\n\t\t\t\t<\/div>\n\t\t\t\t\t<\/div>\n\t\t<\/div>\n\t\t\t\t<div class=\"elementor-column elementor-col-33 elementor-top-column elementor-element elementor-element-d9ffa30\" data-id=\"d9ffa30\" data-element_type=\"column\">\n\t\t\t<div class=\"elementor-widget-wrap elementor-element-populated\">\n\t\t\t\t\t\t\t\t<div class=\"elementor-element elementor-element-79f322e elementor-widget elementor-widget-image\" data-id=\"79f322e\" data-element_type=\"widget\" data-widget_type=\"image.default\">\n\t\t\t\t<div class=\"elementor-widget-container\">\n\t\t\t\t\t\t\t\t\t\t\t\t\t\t\t<img loading=\"lazy\" decoding=\"async\" width=\"290\" height=\"290\" src=\"https:\/\/guvencboya.com.tr\/wp-content\/uploads\/2022\/12\/temel3.jpg\" class=\"attachment-large size-large\" alt=\"\" srcset=\"https:\/\/guvencboya.com.tr\/wp-content\/uploads\/2022\/12\/temel3.jpg 290w, https:\/\/guvencboya.com.tr\/wp-content\/uploads\/2022\/12\/temel3-150x150.jpg 150w\" sizes=\"auto, (max-width: 290px) 100vw, 290px\" \/>\t\t\t\t\t\t\t\t\t\t\t\t\t\t\t<\/div>\n\t\t\t\t<\/div>\n\t\t\t\t<div class=\"elementor-element elementor-element-70312a7 elementor-widget elementor-widget-wd_text_block\" data-id=\"70312a7\" data-element_type=\"widget\" data-widget_type=\"wd_text_block.default\">\n\t\t\t\t<div class=\"elementor-widget-container\">\n\t\t\t\t\t<div class=\"wd-text-block reset-last-child text-center\">\n\t\t\t\n\t\t\t<p>Dikkatli dinleme,<span style=\"font-size: 22px;\"><\/span><\/p>\n\t\t\t\t\t<\/div>\n\t\t\t\t<\/div>\n\t\t\t\t<\/div>\n\t\t\t\t<div class=\"elementor-element elementor-element-31cc33e elementor-widget elementor-widget-wd_text_block\" data-id=\"31cc33e\" data-element_type=\"widget\" data-widget_type=\"wd_text_block.default\">\n\t\t\t\t<div class=\"elementor-widget-container\">\n\t\t\t\t\t<div class=\"wd-text-block reset-last-child text-center\">\n\t\t\t\n\t\t\t<p>Ele\u015ftiriye a\u00e7\u0131k,<span style=\"font-size: 22px;\"><\/span><\/p>\n\t\t\t\t\t<\/div>\n\t\t\t\t<\/div>\n\t\t\t\t<\/div>\n\t\t\t\t\t<\/div>\n\t\t<\/div>\n\t\t\t\t\t\t\t<\/div>\n\t\t<\/section>\n\t\t\t\t<section class=\"elementor-section elementor-top-section elementor-element elementor-element-4e4b6b9 elementor-section-content-top elementor-section-boxed elementor-section-height-default elementor-section-height-default wd-section-disabled\" data-id=\"4e4b6b9\" data-element_type=\"section\">\n\t\t\t\t\t\t<div class=\"elementor-container elementor-column-gap-narrow\">\n\t\t\t\t\t<div class=\"elementor-column elementor-col-50 elementor-top-column elementor-element elementor-element-8b27045\" data-id=\"8b27045\" data-element_type=\"column\">\n\t\t\t<div class=\"elementor-widget-wrap elementor-element-populated\">\n\t\t\t\t\t\t\t\t<div class=\"elementor-element elementor-element-e4f73ca elementor-widget elementor-widget-wd_text_block\" data-id=\"e4f73ca\" data-element_type=\"widget\" data-widget_type=\"wd_text_block.default\">\n\t\t\t\t<div class=\"elementor-widget-container\">\n\t\t\t\t\t<div class=\"wd-text-block reset-last-child text-center\">\n\t\t\t\n\t\t\t\u00c7al\u0131\u015fma metodumuzda gelece\u011fe y\u00f6nelik planlar\u0131m\u0131z ve\nba\u015far\u0131lar\u0131m\u0131z hakk\u0131nda, do\u011fru ad\u0131mlar\u0131 takip ediyoruz.\n\t\t\t\t\t<\/div>\n\t\t\t\t<\/div>\n\t\t\t\t<\/div>\n\t\t\t\t<div class=\"elementor-element elementor-element-be95ae9 elementor-widget elementor-widget-image\" data-id=\"be95ae9\" data-element_type=\"widget\" data-widget_type=\"image.default\">\n\t\t\t\t<div class=\"elementor-widget-container\">\n\t\t\t\t\t\t\t\t\t\t\t\t\t\t\t<img loading=\"lazy\" decoding=\"async\" width=\"721\" height=\"384\" src=\"https:\/\/guvencboya.com.tr\/wp-content\/uploads\/2022\/12\/temel4.jpg\" class=\"attachment-large size-large\" alt=\"\" srcset=\"https:\/\/guvencboya.com.tr\/wp-content\/uploads\/2022\/12\/temel4.jpg 721w, https:\/\/guvencboya.com.tr\/wp-content\/uploads\/2022\/12\/temel4-300x160.jpg 300w\" sizes=\"auto, (max-width: 721px) 100vw, 721px\" \/>\t\t\t\t\t\t\t\t\t\t\t\t\t\t\t<\/div>\n\t\t\t\t<\/div>\n\t\t\t\t\t<\/div>\n\t\t<\/div>\n\t\t\t\t<div class=\"elementor-column elementor-col-50 elementor-top-column elementor-element elementor-element-32b706f\" data-id=\"32b706f\" data-element_type=\"column\">\n\t\t\t<div class=\"elementor-widget-wrap elementor-element-populated\">\n\t\t\t\t\t\t\t\t<div class=\"elementor-element elementor-element-a9dd1e5 elementor-widget elementor-widget-wd_text_block\" data-id=\"a9dd1e5\" data-element_type=\"widget\" data-widget_type=\"wd_text_block.default\">\n\t\t\t\t<div class=\"elementor-widget-container\">\n\t\t\t\t\t<div class=\"wd-text-block reset-last-child text-center\">\n\t\t\t\n\t\t\tEkip ruhuyla hareket etme\n\t\t\t\t\t<\/div>\n\t\t\t\t<\/div>\n\t\t\t\t<\/div>\n\t\t\t\t<div class=\"elementor-element elementor-element-7ccbc54 elementor-widget elementor-widget-wd_text_block\" data-id=\"7ccbc54\" data-element_type=\"widget\" data-widget_type=\"wd_text_block.default\">\n\t\t\t\t<div class=\"elementor-widget-container\">\n\t\t\t\t\t<div class=\"wd-text-block reset-last-child text-center\">\n\t\t\t\n\t\t\t<p>Her zaman geli\u015ftirmeye \u00e7al\u0131\u015f\u0131yoruz.<span style=\"font-size: 22px;\"><\/span><\/p>\n\t\t\t\t\t<\/div>\n\t\t\t\t<\/div>\n\t\t\t\t<\/div>\n\t\t\t\t<div class=\"elementor-element elementor-element-57acf47 elementor-widget elementor-widget-wd_text_block\" data-id=\"57acf47\" data-element_type=\"widget\" data-widget_type=\"wd_text_block.default\">\n\t\t\t\t<div class=\"elementor-widget-container\">\n\t\t\t\t\t<div class=\"wd-text-block reset-last-child text-center\">\n\t\t\t\n\t\t\t<p><img loading=\"lazy\" decoding=\"async\" class=\"alignnone wp-image-11223 size-medium\" src=\"https:\/\/guvencboya.com.tr\/wp-content\/uploads\/2022\/12\/Adsiz-tasarim-13-1-e1670599236385-300x100.png\" alt=\"\" width=\"300\" height=\"100\" srcset=\"https:\/\/guvencboya.com.tr\/wp-content\/uploads\/2022\/12\/Adsiz-tasarim-13-1-e1670599236385-300x100.png 300w, https:\/\/guvencboya.com.tr\/wp-content\/uploads\/2022\/12\/Adsiz-tasarim-13-1-e1670599236385-768x255.png 768w, https:\/\/guvencboya.com.tr\/wp-content\/uploads\/2022\/12\/Adsiz-tasarim-13-1-e1670599236385.png 909w\" sizes=\"auto, (max-width: 300px) 100vw, 300px\" \/><\/p>\n\t\t\t\t\t<\/div>\n\t\t\t\t<\/div>\n\t\t\t\t<\/div>\n\t\t\t\t\t<\/div>\n\t\t<\/div>\n\t\t\t\t\t\t\t<\/div>\n\t\t<\/section>\n\t\t\t\t<section class=\"elementor-section elementor-top-section elementor-element elementor-element-8f74b79 elementor-section-boxed elementor-section-height-default elementor-section-height-default wd-section-disabled\" data-id=\"8f74b79\" data-element_type=\"section\">\n\t\t\t\t\t\t<div class=\"elementor-container elementor-column-gap-default\">\n\t\t\t\t\t<div class=\"elementor-column elementor-col-50 elementor-top-column elementor-element elementor-element-db16b40\" data-id=\"db16b40\" data-element_type=\"column\">\n\t\t\t<div class=\"elementor-widget-wrap elementor-element-populated\">\n\t\t\t\t\t\t\t\t<div class=\"elementor-element elementor-element-2a7d876 elementor-widget elementor-widget-image\" data-id=\"2a7d876\" data-element_type=\"widget\" data-widget_type=\"image.default\">\n\t\t\t\t<div class=\"elementor-widget-container\">\n\t\t\t\t\t\t\t\t\t\t\t\t\t\t\t<img loading=\"lazy\" decoding=\"async\" width=\"640\" height=\"254\" src=\"https:\/\/guvencboya.com.tr\/wp-content\/uploads\/2022\/12\/temel5.jpg\" class=\"attachment-full size-full\" alt=\"\" srcset=\"https:\/\/guvencboya.com.tr\/wp-content\/uploads\/2022\/12\/temel5.jpg 640w, https:\/\/guvencboya.com.tr\/wp-content\/uploads\/2022\/12\/temel5-300x119.jpg 300w\" sizes=\"auto, (max-width: 640px) 100vw, 640px\" \/>\t\t\t\t\t\t\t\t\t\t\t\t\t\t\t<\/div>\n\t\t\t\t<\/div>\n\t\t\t\t\t<\/div>\n\t\t<\/div>\n\t\t\t\t<div class=\"elementor-column elementor-col-50 elementor-top-column elementor-element elementor-element-041797c\" data-id=\"041797c\" data-element_type=\"column\">\n\t\t\t<div class=\"elementor-widget-wrap elementor-element-populated\">\n\t\t\t\t\t\t\t\t<div class=\"elementor-element elementor-element-39d80fc elementor-widget elementor-widget-wd_text_block\" data-id=\"39d80fc\" data-element_type=\"widget\" data-widget_type=\"wd_text_block.default\">\n\t\t\t\t<div class=\"elementor-widget-container\">\n\t\t\t\t\t<div class=\"wd-text-block reset-last-child text-center\">\n\t\t\t\n\t\t\t<p>Projelerimize art\u0131 de\u011fer katan, sorumlu bir \u015fekilde yap\u0131lan i\u015flerimiz s\u00fcrekli olarak deneyler ve kontroller \u00fcst\u00fcne kuruludur.<\/p>\n\t\t\t\t\t<\/div>\n\t\t\t\t<\/div>\n\t\t\t\t<\/div>\n\t\t\t\t\t<\/div>\n\t\t<\/div>\n\t\t\t\t\t\t\t<\/div>\n\t\t<\/section>\n\t\t\t\t\t\t\t<\/div>\n\t\t","protected":false},"excerpt":{"rendered":"<p>\u00c7al\u0131\u015fkanl\u0131k ve \u015feffa\ufb02\u0131k misyonumuzun en de\u011ferli anahtar\u0131d\u0131r. Dikkatli dinleme, Ele\u015ftiriye a\u00e7\u0131k, \u00c7al\u0131\u015fma metodumuzda gelece\u011fe y\u00f6nelik planlar\u0131m\u0131z ve ba\u015far\u0131lar\u0131m\u0131z hakk\u0131nda, do\u011fru<\/p>\n","protected":false},"author":1,"featured_media":0,"parent":0,"menu_order":0,"comment_status":"closed","ping_status":"closed","template":"elementor_header_footer","meta":{"footnotes":""},"class_list":["post-9940","page","type-page","status-publish","hentry"],"_links":{"self":[{"href":"https:\/\/guvencboya.com.tr\/tr\/wp-json\/wp\/v2\/pages\/9940","targetHints":{"allow":["GET"]}}],"collection":[{"href":"https:\/\/guvencboya.com.tr\/tr\/wp-json\/wp\/v2\/pages"}],"about":[{"href":"https:\/\/guvencboya.com.tr\/tr\/wp-json\/wp\/v2\/types\/page"}],"author":[{"embeddable":true,"href":"https:\/\/guvencboya.com.tr\/tr\/wp-json\/wp\/v2\/users\/1"}],"replies":[{"embeddable":true,"href":"https:\/\/guvencboya.com.tr\/tr\/wp-json\/wp\/v2\/comments?post=9940"}],"version-history":[{"count":42,"href":"https:\/\/guvencboya.com.tr\/tr\/wp-json\/wp\/v2\/pages\/9940\/revisions"}],"predecessor-version":[{"id":11266,"href":"https:\/\/guvencboya.com.tr\/tr\/wp-json\/wp\/v2\/pages\/9940\/revisions\/11266"}],"wp:attachment":[{"href":"https:\/\/guvencboya.com.tr\/tr\/wp-json\/wp\/v2\/media?parent=9940"}],"curies":[{"name":"wp","href":"https:\/\/api.w.org\/{rel}","templated":true}]}}