{"id":9499,"date":"2022-09-07T13:51:31","date_gmt":"2022-09-07T10:51:31","guid":{"rendered":"http:\/\/dummy.xtemos.com\/woodmart2\/accessories-elementor\/?page_id=14"},"modified":"2026-01-14T10:36:21","modified_gmt":"2026-01-14T07:36:21","slug":"yonetim","status":"publish","type":"page","link":"https:\/\/guvencboya.com.tr\/tr\/yonetim\/","title":{"rendered":"Y\u00f6netim"},"content":{"rendered":"\t\t<div data-elementor-type=\"wp-page\" data-elementor-id=\"9499\" class=\"elementor elementor-9499\">\n\t\t\t\t\t\t\t\t\t<section class=\"wd-negative-gap elementor-section elementor-top-section elementor-element elementor-element-b6c4b33 elementor-section-boxed elementor-section-height-default elementor-section-height-default wd-section-disabled\" data-id=\"b6c4b33\" data-element_type=\"section\" id=\"yonetimpage\">\n\t\t\t\t\t\t<div class=\"elementor-container elementor-column-gap-default\">\n\t\t\t\t\t<div class=\"elementor-column elementor-col-100 elementor-top-column elementor-element elementor-element-a18d07d\" data-id=\"a18d07d\" data-element_type=\"column\">\n\t\t\t<div class=\"elementor-widget-wrap elementor-element-populated\">\n\t\t\t\t\t\t\t\t<div class=\"elementor-element elementor-element-8a2acda elementor-widget elementor-widget-wd_popup\" data-id=\"8a2acda\" data-element_type=\"widget\" id=\"popup-btn\" data-widget_type=\"wd_popup.default\">\n\t\t\t\t<div class=\"elementor-widget-container\">\n\t\t\t\t\t\t<link rel=\"stylesheet\" id=\"wd-mfp-popup-css\" href=\"https:\/\/guvencboya.com.tr\/wp-content\/themes\/woodmart\/css\/parts\/lib-magnific-popup.min.css?ver=7.0.3\" type=\"text\/css\" media=\"all\" \/> \t\t\t\t\t\t\t<div class=\"wd-button-wrapper text-center\" >\n\t\t\t<a class=\"btn btn-style-default btn-style-rectangle btn-size-default wd-open-popup btn-color-default btn-icon-pos-right\"  href=\"#popup-637ab42a8ad3a\">\n\t\t\t\t<span class=\"wd-btn-text\" data-elementor-setting-key=\"text\">\n\t\t\t\t\tRead more\t\t\t\t<\/span>\n\n\t\t\t\t\t\t\t<\/a>\n\t\t<\/div>\n\t\t\t\t\t\t\t<div id=\"popup-637ab42a8ad3a\" class=\"mfp-with-anim wd-popup wd-popup-element mfp-hide\" style=\"max-width:800px;\">\n\t\t\t\t<div class=\"wd-popup-inner\">\n\t\t\t\t\t\t\t\t<link rel=\"stylesheet\" id=\"elementor-post-10153-css\" href=\"https:\/\/guvencboya.com.tr\/wp-content\/uploads\/elementor\/css\/post-10153.css?ver=1669367010\" type=\"text\/css\" media=\"all\">\n\t\t\t\t\t<div data-elementor-type=\"wp-post\" data-elementor-id=\"10153\" class=\"elementor elementor-10153\">\n\t\t\t\t\t\t\t\t\t<section class=\"wd-negative-gap elementor-section elementor-top-section elementor-element elementor-element-016a4d9 elementor-section-boxed elementor-section-height-default elementor-section-height-default wd-section-disabled\" data-id=\"016a4d9\" data-element_type=\"section\" id=\"yonetim-popup\">\n\t\t\t\t\t\t<div class=\"elementor-container elementor-column-gap-default\">\n\t\t\t\t\t<div class=\"elementor-column elementor-col-50 elementor-top-column elementor-element elementor-element-1175402\" data-id=\"1175402\" data-element_type=\"column\" id=\"foto\">\n\t\t\t<div class=\"elementor-widget-wrap\">\n\t\t\t\t\t\t\t\t\t<\/div>\n\t\t<\/div>\n\t\t\t\t<div class=\"elementor-column elementor-col-50 elementor-top-column elementor-element elementor-element-1c53f46\" data-id=\"1c53f46\" data-element_type=\"column\" id=\"bio\">\n\t\t\t<div class=\"elementor-widget-wrap elementor-element-populated\">\n\t\t\t\t\t\t\t\t<div class=\"elementor-element elementor-element-ace6c92 elementor-widget elementor-widget-wd_text_block\" data-id=\"ace6c92\" data-element_type=\"widget\" id=\"yazi\" data-widget_type=\"wd_text_block.default\">\n\t\t\t\t<div class=\"elementor-widget-container\">\n\t\t\t\t\t\t<link rel=\"stylesheet\" id=\"wd-text-block-css\" href=\"https:\/\/guvencboya.com.tr\/wp-content\/themes\/woodmart\/css\/parts\/el-text-block.min.css?ver=7.0.3\" type=\"text\/css\" media=\"all\" \/> \t\t\t\t\t<div class=\"wd-text-block reset-last-child text-left\">\n\t\t\t\n\t\t\t<p>popupicerik.innerHTML=yonetimicerik;<\/p>\n\t\t\t\t\t<\/div>\n\t\t\t\t<\/div>\n\t\t\t\t<\/div>\n\t\t\t\t\t<\/div>\n\t\t<\/div>\n\t\t\t\t\t\t\t<\/div>\n\t\t<\/section>\n\t\t\t\t\t\t\t<\/div>\n\t\t\t\t\t\t<\/div>\n\t\t\t<\/div>\n\t\t\t\t\t\t<\/div>\n\t\t\t\t<\/div>\n\t\t\t\t<section class=\"wd-negative-gap elementor-section elementor-inner-section elementor-element elementor-element-b6c09f7 elementor-section-boxed elementor-section-height-default elementor-section-height-default wd-section-disabled\" data-id=\"b6c09f7\" data-element_type=\"section\">\n\t\t\t\t\t\t<div class=\"elementor-container elementor-column-gap-default\">\n\t\t\t\t\t<div class=\"elementor-column elementor-col-25 elementor-inner-column elementor-element elementor-element-edc90a8\" data-id=\"edc90a8\" data-element_type=\"column\">\n\t\t\t<div class=\"elementor-widget-wrap\">\n\t\t\t\t\t\t\t\t\t<\/div>\n\t\t<\/div>\n\t\t\t\t<div class=\"elementor-column elementor-col-25 elementor-inner-column elementor-element elementor-element-1b94423\" data-id=\"1b94423\" data-element_type=\"column\">\n\t\t\t<div class=\"elementor-widget-wrap elementor-element-populated\">\n\t\t\t\t\t\t\t\t<div class=\"elementor-element elementor-element-5cd0a77 elementor-widget elementor-widget-wd_team_member\" data-id=\"5cd0a77\" data-element_type=\"widget\" id=\"member1\" data-widget_type=\"wd_team_member.default\">\n\t\t\t\t<div class=\"elementor-widget-container\">\n\t\t\t\t\t\t<link rel=\"stylesheet\" id=\"wd-social-icons-css\" href=\"https:\/\/guvencboya.com.tr\/wp-content\/themes\/woodmart\/css\/parts\/el-social-icons.min.css?ver=7.0.3\" type=\"text\/css\" media=\"all\" \/> \t\t\t\t\t\t<link rel=\"stylesheet\" id=\"wd-team-member-css\" href=\"https:\/\/guvencboya.com.tr\/wp-content\/themes\/woodmart\/css\/parts\/el-team-member.min.css?ver=7.0.3\" type=\"text\/css\" media=\"all\" \/> \t\t\t\t\t<div class=\"team-member member-layout-default text-center\">\n\t\t\t\t\t\t\t<div class=\"member-image-wrapper\">\n\t\t\t\t\t<div class=\"member-image\">\n\t\t\t\t\t\t<img decoding=\"async\" src=\"https:\/\/guvencboya.com.tr\/wp-content\/uploads\/elementor\/thumbs\/img83-pxic14voqvdjg2r4fn09b0lbk4z8wyfrx72c7w77y8.jpg\" title=\"\" alt=\"\" \/>\t\t\t\t\t<\/div>\n\t\t\t\t<\/div>\n\t\t\t\n\t\t\t<div class=\"member-details\">\n\t\t\t\t\t\t\t\t\t<h4 class=\"member-name\">\n\t\t\t\t\t\tRemziye G\u00fcven\u00e7\t\t\t\t\t<\/h4>\n\t\t\t\t\n\t\t\t\t\t\t\t\t\t<span class=\"member-position\">\n\t\t\t\t\t\tY\u00f6netim Kurulu Ba\u015fkan\u0131\t\t\t\t\t<\/span>\n\t\t\t\t\n\t\t\t\t\t\t\t\t\t<div class=\"member-bio\">\n\t\t\t\t\t\t<h3>Remziye G\u00fcven\u00e7<\/h3><p style=\"font-size: 18px;\">1956 y\u0131l\u0131nda Denizli\u2019de tekstilci bir ailenin k\u0131z\u0131 olarak do\u011fdu. E\u011fitim ve \u00f6\u011frenim hayat\u0131na Denizli\u2019de devam etti. 2003 y\u0131l\u0131nda e\u015fi Ali R\u0131za G\u00fcven\u00e7\u2019in vefat etmesiyle, G\u00fcven\u00e7\u2019te Y\u00f6netim Kurulu Ba\u015fkanl\u0131\u011f\u0131 g\u00f6revini \u00fcstlendi. \u0130\u015f hayat\u0131na ba\u015flad\u0131ktan sonra G\u00fcven\u00e7\u2019te bir\u00e7ok yenili\u011fe imza atan Remziye G\u00fcven\u00e7, ayn\u0131 zamanda G\u00fcm\u00fc\u015f Su Ar\u0131tma\u2019n\u0131n y\u00f6netim kurulu ba\u015fkanl\u0131\u011f\u0131n\u0131 da \u00fcstlendi. Hem G\u00fcven\u00e7\u2019te hem G\u00fcm\u00fc\u015f Su Ar\u0131tma firmas\u0131nda at\u0131lan yenilik\u00e7i ad\u0131mlar bir\u00e7ok kesimin dikkatini \u00e7ekti ve Remziye G\u00fcven\u00e7 birden fazla i\u015f kad\u0131n\u0131 \u00f6d\u00fcllerine lay\u0131k g\u00f6r\u00fcld\u00fc. Ayr\u0131ca Denizli Sanayi Odas\u0131nda ilk meclis kad\u0131n \u00fcyesidir. Bug\u00fcn halen daha G\u00fcven\u00e7\u2019te s\u00fcrd\u00fcrmekte oldu\u011fu Y\u00f6netim Kurulu Ba\u015fkanl\u0131\u011f\u0131 g\u00f6revini y\u00fcr\u00fctmektedir.<\/p>\t\t\t\t\t<\/div>\n\t\t\t\t\n\t\t\t\t\t\t\t<\/div>\n\t\t<\/div>\n\t\t\t\t<\/div>\n\t\t\t\t<\/div>\n\t\t\t\t\t<\/div>\n\t\t<\/div>\n\t\t\t\t<div class=\"elementor-column elementor-col-25 elementor-inner-column elementor-element elementor-element-f81de09\" data-id=\"f81de09\" data-element_type=\"column\">\n\t\t\t<div class=\"elementor-widget-wrap elementor-element-populated\">\n\t\t\t\t\t\t\t\t<div class=\"elementor-element elementor-element-c153cc8 elementor-widget elementor-widget-wd_team_member\" data-id=\"c153cc8\" data-element_type=\"widget\" id=\"member2\" data-widget_type=\"wd_team_member.default\">\n\t\t\t\t<div class=\"elementor-widget-container\">\n\t\t\t\t\t<div class=\"team-member member-layout-default text-center\">\n\t\t\t\t\t\t\t<div class=\"member-image-wrapper\">\n\t\t\t\t\t<div class=\"member-image\">\n\t\t\t\t\t\t<img decoding=\"async\" src=\"https:\/\/guvencboya.com.tr\/wp-content\/uploads\/elementor\/thumbs\/img8-scaled-pxicbkv4olo8g3kzg5j10dpp69i2fvweow0k6kpqtc.jpg\" title=\"\" alt=\"\" \/>\t\t\t\t\t<\/div>\n\t\t\t\t<\/div>\n\t\t\t\n\t\t\t<div class=\"member-details\">\n\t\t\t\t\t\t\t\t\t<h4 class=\"member-name\">\n\t\t\t\t\t\tRukiye G\u00f6kkaya\t\t\t\t\t<\/h4>\n\t\t\t\t\n\t\t\t\t\t\t\t\t\t<span class=\"member-position\">\n\t\t\t\t\t\tY\u00f6netim Kurulu Ba\u015fkan Vekili\t\t\t\t\t<\/span>\n\t\t\t\t\n\t\t\t\t\t\t\t\t\t<div class=\"member-bio\">\n\t\t\t\t\t\t<h3>Rukiye G\u00f6kkaya<\/h3>\n<p style=\"font-size: 18px;\">1971 y\u0131l\u0131nda Denizli\u2019 de do\u011fdu. E\u011fitim ve \u00f6\u011frenim hayat\u0131n\u0131 Denizli\u2019de s\u00fcrd\u00fcr\u00fcrken, ayn\u0131 zamanda d\u0131\u015f giyime ve dikime olan merak\u0131 onu tekstil hayat\u0131na bir ad\u0131m daha yakla\u015ft\u0131rd\u0131. Gen\u00e7lik d\u00f6neminde \u00f6zg\u00fcnce tasarlay\u0131p dikmi\u015f oldu\u011fu bir elbise \u00f6d\u00fcle lay\u0131k g\u00f6r\u00fcld\u00fc ve kendi tasarlad\u0131\u011f\u0131 elbise defilede yerini ald\u0131. 2000\u2019li y\u0131llarda ticarete at\u0131ld\u0131 ve \u00f6zel bir markan\u0131n \u00fcr\u00fcn sat\u0131\u015f liderli\u011fini \u00fcstlendi. 2010 y\u0131l\u0131nda G\u00fcven\u00e7\u2019te Y\u00f6netim Kurulu \u00dcyesi olarak g\u00f6reve ba\u015flad\u0131. 2013 y\u0131l\u0131nda Bo\u011fazi\u00e7i \u00dcniversitesi\u2019nde kad\u0131n giri\u015fimcili\u011fi ve y\u00f6neticilik ile ilgili \u00e7e\u015fitli e\u011fitimler ald\u0131. \u015eu an G\u00fcven\u00e7\u2019te y\u00f6netici kadrosunda yerini almakta ve Y\u00f6netim Kurulu Ba\u015fkan Vekili olarak g\u00f6revini s\u00fcrd\u00fcrmektedir.<\/p>\t\t\t\t\t<\/div>\n\t\t\t\t\n\t\t\t\t\t\t\t<\/div>\n\t\t<\/div>\n\t\t\t\t<\/div>\n\t\t\t\t<\/div>\n\t\t\t\t\t<\/div>\n\t\t<\/div>\n\t\t\t\t<div class=\"elementor-column elementor-col-25 elementor-inner-column elementor-element elementor-element-69e139e\" data-id=\"69e139e\" data-element_type=\"column\">\n\t\t\t<div class=\"elementor-widget-wrap\">\n\t\t\t\t\t\t\t\t\t<\/div>\n\t\t<\/div>\n\t\t\t\t\t\t\t<\/div>\n\t\t<\/section>\n\t\t\t\t<section class=\"wd-negative-gap elementor-section elementor-inner-section elementor-element elementor-element-70b4f07 elementor-section-boxed elementor-section-height-default elementor-section-height-default wd-section-disabled\" data-id=\"70b4f07\" data-element_type=\"section\">\n\t\t\t\t\t\t<div class=\"elementor-container elementor-column-gap-default\">\n\t\t\t\t\t<div class=\"elementor-column elementor-col-25 elementor-inner-column elementor-element elementor-element-79354b4\" data-id=\"79354b4\" data-element_type=\"column\">\n\t\t\t<div class=\"elementor-widget-wrap\">\n\t\t\t\t\t\t\t\t\t<\/div>\n\t\t<\/div>\n\t\t\t\t<div class=\"elementor-column elementor-col-25 elementor-inner-column elementor-element elementor-element-b7ada35\" data-id=\"b7ada35\" data-element_type=\"column\">\n\t\t\t<div class=\"elementor-widget-wrap elementor-element-populated\">\n\t\t\t\t\t\t\t\t<div class=\"elementor-element elementor-element-ce485f8 elementor-widget elementor-widget-wd_team_member\" data-id=\"ce485f8\" data-element_type=\"widget\" id=\"member3\" data-widget_type=\"wd_team_member.default\">\n\t\t\t\t<div class=\"elementor-widget-container\">\n\t\t\t\t\t<div class=\"team-member member-layout-default text-center\">\n\t\t\t\t\t\t\t<div class=\"member-image-wrapper\">\n\t\t\t\t\t<div class=\"member-image\">\n\t\t\t\t\t\t<img decoding=\"async\" src=\"https:\/\/guvencboya.com.tr\/wp-content\/uploads\/elementor\/thumbs\/img9-scaled-pxicf6kuvqlsyackepljkgzb5fqpy47d6q1kerdeyo.jpg\" title=\"\" alt=\"\" \/>\t\t\t\t\t<\/div>\n\t\t\t\t<\/div>\n\t\t\t\n\t\t\t<div class=\"member-details\">\n\t\t\t\t\t\t\t\t\t<h4 class=\"member-name\">\n\t\t\t\t\t\tDo\u011fan Arkada\u015f\t\t\t\t\t<\/h4>\n\t\t\t\t\n\t\t\t\t\t\t\t\t\t<span class=\"member-position\">\n\t\t\t\t\t\tY\u00f6netim Kurulu \u00dcyesi Fabrika Direkt\u00f6r\u00fc\t\t\t\t\t<\/span>\n\t\t\t\t\n\t\t\t\t\t\t\t\t\t<div class=\"member-bio\">\n\t\t\t\t\t\t<h3>Do\u011fan Arkada\u015f<\/h3>\n<p style=\"font-size: 18px;\">1978 y\u0131l\u0131nda Denizli\u2019de do\u011fdu. \u0130lkokuldan liseye kadar olan e\u011fitim \u00f6\u011frenim d\u00f6nemini\n\nDenizli\u2019de devam etti ve ard\u0131ndan y\u00fcksek\u00f6\u011fretimi tamamlamak \u00fczere S\u00fcleyman Demirel \u00dcniversitesi\u2019nde Kimya b\u00f6l\u00fcm\u00fcnden mezun oldu. Hemen akabinde i\u015f hayat\u0131na at\u0131ld\u0131, \u00f6zel bir \u015firkette 2 y\u0131l boyunca \u0130\u015fletme \u015eefi olarak \u00e7al\u0131\u015ft\u0131.\n\n2003 y\u0131l\u0131nda G\u00fcven\u00e7 firmas\u0131nda Laboratuvar \u015eefi olarak i\u015fe ba\u015flad\u0131. Uzun seneler farkl\u0131 pozisyonlarda olmak \u00fczere; \u0130\u015fletme \u015eefi, Sat\u0131n Alma Uzman\u0131, \u0130\u015fletme M\u00fcd\u00fcr\u00fc ve Genel M\u00fcd\u00fcr olarak g\u00f6revlerini tamamlad\u0131. \u015eu an y\u00f6netici kadrosunda yerini almakta ve Y\u00f6netim Kurulu \u00dcyesi Fabrika Direkt\u00f6r\u00fc olarak \u00e7al\u0131\u015fmalar\u0131n\u0131 y\u00fcr\u00fctmektedir.<\/p>\t\t\t\t\t<\/div>\n\t\t\t\t\n\t\t\t\t\t\t\t<\/div>\n\t\t<\/div>\n\t\t\t\t<\/div>\n\t\t\t\t<\/div>\n\t\t\t\t\t<\/div>\n\t\t<\/div>\n\t\t\t\t<div class=\"elementor-column elementor-col-25 elementor-inner-column elementor-element elementor-element-b2bfeaa\" data-id=\"b2bfeaa\" data-element_type=\"column\">\n\t\t\t<div class=\"elementor-widget-wrap elementor-element-populated\">\n\t\t\t\t\t\t\t\t<div class=\"elementor-element elementor-element-4c448a2 elementor-widget elementor-widget-wd_team_member\" data-id=\"4c448a2\" data-element_type=\"widget\" id=\"member4\" data-widget_type=\"wd_team_member.default\">\n\t\t\t\t<div class=\"elementor-widget-container\">\n\t\t\t\t\t<div class=\"team-member member-layout-default text-center\">\n\t\t\t\t\t\t\t<div class=\"member-image-wrapper\">\n\t\t\t\t\t<div class=\"member-image\">\n\t\t\t\t\t\t<img decoding=\"async\" src=\"https:\/\/guvencboya.com.tr\/wp-content\/uploads\/elementor\/thumbs\/img7-scaled-pxicgn7tiglv0g83vccng3p4f0j9x60c1ykra97da8.jpg\" title=\"\" alt=\"\" \/>\t\t\t\t\t<\/div>\n\t\t\t\t<\/div>\n\t\t\t\n\t\t\t<div class=\"member-details\">\n\t\t\t\t\t\t\t\t\t<h4 class=\"member-name\">\n\t\t\t\t\t\tNuri G\u00f6kkaya\t\t\t\t\t<\/h4>\n\t\t\t\t\n\t\t\t\t\t\t\t\t\t<span class=\"member-position\">\n\t\t\t\t\t\tY\u00f6netim Kurulu \u00dcyesi Ticaret ve Finans Direkt\u00f6r\u00fc\t\t\t\t\t<\/span>\n\t\t\t\t\n\t\t\t\t\t\t\t\t\t<div class=\"member-bio\">\n\t\t\t\t\t\t<h3>Nuri G\u00f6kkaya<\/h3>\n<p style=\"font-size: 18px;\">1964 y\u0131l\u0131nda Denizli\u2019de do\u011fdu. \u00c7ocukluk d\u00f6nemini Bel\u00e7ika\u2019da ge\u00e7irdi, ard\u0131ndan tekrar ailesiyle T\u00fcrkiye\u2019ye geri d\u00f6nd\u00fc ve e\u011fitim, \u00f6\u011frenim hayat\u0131na Denizli\u2019de devam etti. Aileden gelen tekstil k\u00fclt\u00fcr\u00fcn\u00fc k\u00fc\u00e7\u00fck ya\u015fta kavrad\u0131 ve kendi evlerindeki iplik dokuma tezgah\u0131nda kuma\u015f dokumay\u0131 \u00f6\u011frendi. Gen\u00e7lik d\u00f6neminde\u00a0 ise ticarete at\u0131larak tekstil piyasas\u0131nda hakimiyetini sa\u011flad\u0131.\u00a0 1987 y\u0131l\u0131nda bir ev tekstil firmas\u0131 kurdu. 2003 y\u0131l\u0131nda ikinci \u015firketi havlu bask\u0131 firmas\u0131n\u0131 kurdu. 2005 y\u0131l\u0131nda G\u00fcven\u00e7 firmas\u0131na geldi ve y\u00f6netici kadrosunda yerini ald\u0131. \u015eu an halen daha G\u00fcven\u00e7 y\u00f6netiminde, Y\u00f6netim Kurulu Ticaret ve Finans Direkt\u00f6r\u00fc olarak \u00e7al\u0131\u015fmalar\u0131n\u0131 y\u00fcr\u00fctmektedir.<\/p>\t\t\t\t\t<\/div>\n\t\t\t\t\n\t\t\t\t\t\t\t<\/div>\n\t\t<\/div>\n\t\t\t\t<\/div>\n\t\t\t\t<\/div>\n\t\t\t\t\t<\/div>\n\t\t<\/div>\n\t\t\t\t<div class=\"elementor-column elementor-col-25 elementor-inner-column elementor-element elementor-element-8de2fb0\" data-id=\"8de2fb0\" data-element_type=\"column\">\n\t\t\t<div class=\"elementor-widget-wrap\">\n\t\t\t\t\t\t\t\t\t<\/div>\n\t\t<\/div>\n\t\t\t\t\t\t\t<\/div>\n\t\t<\/section>\n\t\t\t\t<section class=\"wd-negative-gap elementor-section elementor-inner-section elementor-element elementor-element-72f6200 elementor-section-boxed elementor-section-height-default elementor-section-height-default wd-section-disabled\" data-id=\"72f6200\" data-element_type=\"section\">\n\t\t\t\t\t\t<div class=\"elementor-container elementor-column-gap-default\">\n\t\t\t\t\t<div class=\"elementor-column elementor-col-25 elementor-inner-column elementor-element elementor-element-e172cc0\" data-id=\"e172cc0\" data-element_type=\"column\">\n\t\t\t<div class=\"elementor-widget-wrap\">\n\t\t\t\t\t\t\t\t\t<\/div>\n\t\t<\/div>\n\t\t\t\t<div class=\"elementor-column elementor-col-25 elementor-inner-column elementor-element elementor-element-afffe91\" data-id=\"afffe91\" data-element_type=\"column\">\n\t\t\t<div class=\"elementor-widget-wrap\">\n\t\t\t\t\t\t\t\t\t<\/div>\n\t\t<\/div>\n\t\t\t\t<div class=\"elementor-column elementor-col-25 elementor-inner-column elementor-element elementor-element-641e54f\" data-id=\"641e54f\" data-element_type=\"column\">\n\t\t\t<div class=\"elementor-widget-wrap\">\n\t\t\t\t\t\t\t\t\t<\/div>\n\t\t<\/div>\n\t\t\t\t<div class=\"elementor-column elementor-col-25 elementor-inner-column elementor-element elementor-element-dfeb586\" data-id=\"dfeb586\" data-element_type=\"column\">\n\t\t\t<div class=\"elementor-widget-wrap\">\n\t\t\t\t\t\t\t\t\t<\/div>\n\t\t<\/div>\n\t\t\t\t\t\t\t<\/div>\n\t\t<\/section>\n\t\t\t\t\t<\/div>\n\t\t<\/div>\n\t\t\t\t\t\t\t<\/div>\n\t\t<\/section>\n\t\t\t\t\t\t\t<\/div>\n\t\t","protected":false},"excerpt":{"rendered":"<p>Read more popupicerik.innerHTML=yonetimicerik; Remziye G\u00fcven\u00e7 Y\u00f6netim Kurulu Ba\u015fkan\u0131 Remziye G\u00fcven\u00e7 1956 y\u0131l\u0131nda Denizli\u2019de tekstilci bir ailenin k\u0131z\u0131 olarak do\u011fdu. E\u011fitim<\/p>\n","protected":false},"author":1,"featured_media":0,"parent":0,"menu_order":0,"comment_status":"closed","ping_status":"closed","template":"","meta":{"footnotes":""},"class_list":["post-9499","page","type-page","status-publish","hentry"],"_links":{"self":[{"href":"https:\/\/guvencboya.com.tr\/tr\/wp-json\/wp\/v2\/pages\/9499","targetHints":{"allow":["GET"]}}],"collection":[{"href":"https:\/\/guvencboya.com.tr\/tr\/wp-json\/wp\/v2\/pages"}],"about":[{"href":"https:\/\/guvencboya.com.tr\/tr\/wp-json\/wp\/v2\/types\/page"}],"author":[{"embeddable":true,"href":"https:\/\/guvencboya.com.tr\/tr\/wp-json\/wp\/v2\/users\/1"}],"replies":[{"embeddable":true,"href":"https:\/\/guvencboya.com.tr\/tr\/wp-json\/wp\/v2\/comments?post=9499"}],"version-history":[{"count":135,"href":"https:\/\/guvencboya.com.tr\/tr\/wp-json\/wp\/v2\/pages\/9499\/revisions"}],"predecessor-version":[{"id":11519,"href":"https:\/\/guvencboya.com.tr\/tr\/wp-json\/wp\/v2\/pages\/9499\/revisions\/11519"}],"wp:attachment":[{"href":"https:\/\/guvencboya.com.tr\/tr\/wp-json\/wp\/v2\/media?parent=9499"}],"curies":[{"name":"wp","href":"https:\/\/api.w.org\/{rel}","templated":true}]}}