{"id":21,"date":"2022-09-07T13:52:10","date_gmt":"2022-09-07T10:52:10","guid":{"rendered":"http:\/\/dummy.xtemos.com\/woodmart2\/accessories-elementor\/?page_id=21"},"modified":"2022-12-09T13:02:55","modified_gmt":"2022-12-09T10:02:55","slug":"iletisim","status":"publish","type":"page","link":"https:\/\/guvencboya.com.tr\/tr\/iletisim\/","title":{"rendered":"\u0130leti\u015fim"},"content":{"rendered":"\t\t<div data-elementor-type=\"wp-page\" data-elementor-id=\"21\" class=\"elementor elementor-21\">\n\t\t\t\t\t\t\t\t\t<section class=\"wd-negative-gap elementor-section elementor-top-section elementor-element elementor-element-ae4e05e wd-section-stretch-content elementor-section-boxed elementor-section-height-default elementor-section-height-default\" data-id=\"ae4e05e\" data-element_type=\"section\">\n\t\t\t\t\t\t<div class=\"elementor-container elementor-column-gap-wider\">\n\t\t\t\t\t<div class=\"elementor-column elementor-col-50 elementor-top-column elementor-element elementor-element-d3cbae0\" data-id=\"d3cbae0\" data-element_type=\"column\">\n\t\t\t<div class=\"elementor-widget-wrap elementor-element-populated\">\n\t\t\t\t\t\t\t\t<div class=\"elementor-element elementor-element-7ce938b elementor-widget elementor-widget-wd_text_block\" data-id=\"7ce938b\" data-element_type=\"widget\" data-widget_type=\"wd_text_block.default\">\n\t\t\t\t<div class=\"elementor-widget-container\">\n\t\t\t\t\t\t<link rel=\"stylesheet\" id=\"wd-text-block-css\" href=\"https:\/\/guvencboya.com.tr\/wp-content\/themes\/woodmart\/css\/parts\/el-text-block.min.css?ver=7.0.3\" type=\"text\/css\" media=\"all\" \/> \t\t\t\t\t<div class=\"wd-text-block reset-last-child text-left\">\n\t\t\t\n\t\t\t<h3>\u015eikayet, \u00d6neri, \u0130leti\u015fim Formu<\/h3>\n\t\t\t\t\t<\/div>\n\t\t\t\t<\/div>\n\t\t\t\t<\/div>\n\t\t\t\t<div class=\"elementor-element elementor-element-3d79597 elementor-widget elementor-widget-wd_contact_form_7\" data-id=\"3d79597\" data-element_type=\"widget\" data-widget_type=\"wd_contact_form_7.default\">\n\t\t\t\t<div class=\"elementor-widget-container\">\n\t\t\t<div role=\"form\" class=\"wpcf7\" id=\"wpcf7-f16-o1\" lang=\"tr-TR\" dir=\"ltr\">\n<div class=\"screen-reader-response\"><p role=\"status\" aria-live=\"polite\" aria-atomic=\"true\"><\/p> <ul><\/ul><\/div>\n<form action=\"\/tr\/wp-json\/wp\/v2\/pages\/21#wpcf7-f16-o1\" method=\"post\" class=\"wpcf7-form init\" novalidate=\"novalidate\" data-status=\"init\">\n<div style=\"display: none;\">\n<input type=\"hidden\" name=\"_wpcf7\" value=\"16\" \/>\n<input type=\"hidden\" name=\"_wpcf7_version\" value=\"5.6.4\" \/>\n<input type=\"hidden\" name=\"_wpcf7_locale\" value=\"tr_TR\" \/>\n<input type=\"hidden\" name=\"_wpcf7_unit_tag\" value=\"wpcf7-f16-o1\" \/>\n<input type=\"hidden\" name=\"_wpcf7_container_post\" value=\"0\" \/>\n<input type=\"hidden\" name=\"_wpcf7_posted_data_hash\" value=\"\" \/>\n<\/div>\n<div class=\"row\">\n<p class=\"col-md-6\"><label>Ad\u0131n\u0131z<\/label><span class=\"wpcf7-form-control-wrap\" data-name=\"your-name\"><input type=\"text\" name=\"your-name\" value=\"\" size=\"40\" class=\"wpcf7-form-control wpcf7-text wpcf7-validates-as-required\" aria-required=\"true\" aria-invalid=\"false\" \/><\/span><\/p>\n<p class=\"col-md-6\"><label>E-Posta Adresiniz<\/label><span class=\"wpcf7-form-control-wrap\" data-name=\"your-email\"><input type=\"email\" name=\"your-email\" value=\"\" size=\"40\" class=\"wpcf7-form-control wpcf7-text wpcf7-email wpcf7-validates-as-required wpcf7-validates-as-email\" aria-required=\"true\" aria-invalid=\"false\" \/><\/span><\/p>\n<\/div>\n<p><label> Konu<br \/>\n    <span class=\"wpcf7-form-control-wrap\" data-name=\"your-subject\"><input type=\"text\" name=\"your-subject\" value=\"\" size=\"40\" class=\"wpcf7-form-control wpcf7-text wpcf7-validates-as-required\" aria-required=\"true\" aria-invalid=\"false\" \/><\/span> <\/label><\/p>\n<p><label> \u0130letiniz (tercihe ba\u011fl\u0131)<br \/>\n    <span class=\"wpcf7-form-control-wrap\" data-name=\"your-message\"><textarea name=\"your-message\" cols=\"40\" rows=\"10\" class=\"wpcf7-form-control wpcf7-textarea\" aria-invalid=\"false\"><\/textarea><\/span> <\/label><\/p>\n<p><input type=\"submit\" value=\"G\u00f6nder\" class=\"wpcf7-form-control has-spinner wpcf7-submit\" \/><\/p>\n<div class=\"wpcf7-response-output\" aria-hidden=\"true\"><\/div><\/form><\/div>\t\t<\/div>\n\t\t\t\t<\/div>\n\t\t\t\t\t<\/div>\n\t\t<\/div>\n\t\t\t\t<div class=\"elementor-column elementor-col-50 elementor-top-column elementor-element elementor-element-c8d2ed6\" data-id=\"c8d2ed6\" data-element_type=\"column\">\n\t\t\t<div class=\"elementor-widget-wrap elementor-element-populated\">\n\t\t\t\t\t\t\t\t<div class=\"elementor-element elementor-element-d479860 elementor-widget elementor-widget-html\" data-id=\"d479860\" data-element_type=\"widget\" data-widget_type=\"html.default\">\n\t\t\t\t<div class=\"elementor-widget-container\">\n\t\t\t<iframe src=\"https:\/\/www.google.com\/maps\/embed?pb=!1m14!1m8!1m3!1d1576.0347831571182!2d29.0794322!3d37.8118395!3m2!1i1024!2i768!4f13.1!3m3!1m2!1s0x0%3A0x65f9c04a64710e8!2sG%C3%BCven%C3%A7%20Tekstil%20Boya%20Sanayi%20Ticaret%20Anonim%20%C5%9Eirketi!5e0!3m2!1str!2str!4v1669637244437!5m2!1str!2str\" width=\"100%\" height=\"450\" style=\"border:0;\" allowfullscreen=\"\" loading=\"lazy\" referrerpolicy=\"no-referrer-when-downgrade\"><\/iframe>\t\t<\/div>\n\t\t\t\t<\/div>\n\t\t\t\t\t<\/div>\n\t\t<\/div>\n\t\t\t\t\t\t\t<\/div>\n\t\t<\/section>\n\t\t\t\t\t\t\t<\/div>\n\t\t","protected":false},"excerpt":{"rendered":"<p>\u015eikayet, \u00d6neri, \u0130leti\u015fim Formu Ad\u0131n\u0131z E-Posta Adresiniz Konu \u0130letiniz (tercihe ba\u011fl\u0131)<\/p>\n","protected":false},"author":1,"featured_media":0,"parent":0,"menu_order":0,"comment_status":"closed","ping_status":"closed","template":"","meta":{"footnotes":""},"class_list":["post-21","page","type-page","status-publish","hentry"],"_links":{"self":[{"href":"https:\/\/guvencboya.com.tr\/tr\/wp-json\/wp\/v2\/pages\/21","targetHints":{"allow":["GET"]}}],"collection":[{"href":"https:\/\/guvencboya.com.tr\/tr\/wp-json\/wp\/v2\/pages"}],"about":[{"href":"https:\/\/guvencboya.com.tr\/tr\/wp-json\/wp\/v2\/types\/page"}],"author":[{"embeddable":true,"href":"https:\/\/guvencboya.com.tr\/tr\/wp-json\/wp\/v2\/users\/1"}],"replies":[{"embeddable":true,"href":"https:\/\/guvencboya.com.tr\/tr\/wp-json\/wp\/v2\/comments?post=21"}],"version-history":[{"count":32,"href":"https:\/\/guvencboya.com.tr\/tr\/wp-json\/wp\/v2\/pages\/21\/revisions"}],"predecessor-version":[{"id":11072,"href":"https:\/\/guvencboya.com.tr\/tr\/wp-json\/wp\/v2\/pages\/21\/revisions\/11072"}],"wp:attachment":[{"href":"https:\/\/guvencboya.com.tr\/tr\/wp-json\/wp\/v2\/media?parent=21"}],"curies":[{"name":"wp","href":"https:\/\/api.w.org\/{rel}","templated":true}]}}