{"id":10251,"date":"2022-11-23T14:51:29","date_gmt":"2022-11-23T11:51:29","guid":{"rendered":"https:\/\/guvencboya.com.tr\/?page_id=10251"},"modified":"2025-12-11T09:24:16","modified_gmt":"2025-12-11T06:24:16","slug":"yonetim-sistemleri-politikasi","status":"publish","type":"page","link":"https:\/\/guvencboya.com.tr\/tr\/yonetim-sistemleri-politikasi\/","title":{"rendered":"Y\u00f6netim Sistemleri Politikas\u0131"},"content":{"rendered":"\n<p><strong>\u00c7EVRE, ENERJ\u0130 ve SU POL\u0130T\u0130KASI<\/strong><\/p>\n\n\n\n<p><br>G\u00dcVEN\u00c7 BOYA A.\u015e. olarak;<br><br>&#8211; Tekstil boya-terbiye sekt\u00f6r\u00fcnde, \u00e7evre g\u00fcvenli\u011fi, enerji ve su kullan\u0131m\u0131 ile ilgili tabi oldu\u011fumuz t\u00fcm yasal ve di\u011fer \u015fartlara uymay\u0131,<br><br>&#8211; Faaliyetlerimizin \u00e7evre boyutlar\u0131n\u0131 ve \u00e7evre \u00fczerindeki etkilerini de\u011ferlendirmeyi, \u00e7evre g\u00fcvenli\u011fi ve enerji &#8211; su t\u00fcketimi programlar\u0131 ile gerekli \u00f6nlemleri almay\u0131,<br><br>&#8211; Kirlili\u011fi ve at\u0131klar\u0131 azaltmay\u0131, at\u0131klar\u0131n \u00e7evresel etkisini en aza indirmi\u015f olarak geri d\u00f6n\u00fc\u015f\u00fcm\u00fcn\u00fc &amp; bertaraf\u0131n\u0131 sa\u011flamay\u0131,<br><br>&#8211; Toprak, hava ve su kirlili\u011fini \u00f6nlemeyi, do\u011fal hayat\u0131 korumay\u0131, su ve enerji ba\u015fta olmak \u00fczere, do\u011fal kaynaklar\u0131n verimli kullan\u0131m\u0131n\u0131 sa\u011flamay\u0131, \u00fcr\u00fcn aileleri \/ prosesler baz\u0131nda enerji ve su verimlili\u011fini s\u00fcrekli izleme ve \u00f6l\u00e7me yaparak de\u011ferlendirmeyi,<br><br>&#8211; \u00c7al\u0131\u015fanlar\u0131m\u0131z ba\u015fta olmak \u00fczere t\u00fcm payda\u015flar\u0131m\u0131z\u0131n kat\u0131l\u0131m\u0131 ile \u00e7evre ve enerji performans\u0131m\u0131z\u0131 s\u00fcrekli geli\u015ftirmeyi, karbon ayak izimizi azaltmay\u0131,<br><br>&#8211; Yeni ekipman se\u00e7imlerinde, ekipman\u0131n \u00e7evreye olan etkisini, enerji ve su kullan\u0131m verimlili\u011fini dikkate almay\u0131,<br><br>&#8211; Tedarik\u00e7ilerimizin \u00e7evre ve enerji ile ilgili \u015fartlara uyumu i\u00e7in gerekli \u00e7al\u0131\u015fmalar\u0131 yapmay\u0131,<br><br>&#8211; \u00c7al\u0131\u015fanlar\u0131m\u0131z\u0131n s\u00fcrekli e\u011fitimler ve denetimler yoluyla \u00e7evre g\u00fcvenli\u011fi, verimli su ve enerji kullan\u0131m\u0131 kurallar\u0131n\u0131 benimsemesini ve uygulamas\u0131n\u0131 sa\u011flamay\u0131,<br><br>&#8211; Y\u00f6netim Sistemi faaliyetlerini s\u00fcrekli iyile\u015ftirme yaparak s\u00fcrd\u00fcrmeyi taahh\u00fct ediyoruz.<br><br><br><strong>KAL\u0130TE POL\u0130T\u0130KASI<\/strong><br><br>G\u00fcven\u00e7 Boya A.\u015e. olarak;<br><br>&#8211; M\u00fc\u015fterilerimizin mevcut ve gelecekteki ihtiya\u00e7 ve beklentilerini kar\u015f\u0131lamay\u0131, m\u00fc\u015fteri odakl\u0131 bir tekstil boyahanesi ve sekt\u00f6r\u00fcn \u00f6nc\u00fc kurulu\u015flar\u0131ndan biri olmay\u0131,<br><br>&#8211; Tabi oldu\u011fumuz t\u00fcm yasal ve di\u011fer \u015fartlara uymay\u0131,<br><br>&#8211; \u00dcr\u00fcn ve hizmet kalitemizi ve y\u00f6netim sistemi performans\u0131m\u0131z\u0131, s\u00fcrekli iyile\u015ftirmelerle art\u0131rmay\u0131, verimlilik ve performansa \u00f6nem vermeyi,<br><br>&#8211; \u00c7al\u0131\u015fanlar\u0131m\u0131z\u0131n y\u00f6netim sistemi faaliyetlerine kat\u0131l\u0131m\u0131n\u0131 sa\u011flamay\u0131,<br><br>&#8211; Tedarik\u00e7ilerimizle ortakl\u0131k ili\u015fkisi i\u00e7inde \u00e7al\u0131\u015fmay\u0131 ve kurulu\u015fumuzun kalite anlay\u0131\u015f\u0131na tedarik\u00e7ilerimizin de uyumunu sa\u011flamay\u0131<br><br>&#8211; E\u011fitimler yoluyla s\u00fcrekli \u00f6\u011frenen ve geli\u015fen bir kurulu\u015f olmay\u0131 taahh\u00fct ediyoruz.<br><br><br><br><strong>K\u0130MYASAL Y\u00d6NET\u0130M\u0130 POL\u0130T\u0130KASI<\/strong><br><br>G\u00dcVEN\u00c7 BOYA A.\u015e., tekstil boya-terbiye sekt\u00f6r\u00fcnde yer alan bir kurulu\u015f olarak, faaliyetlerini ger\u00e7ekle\u015ftirirken \u00fcretim ve \u00fcretim d\u0131\u015f\u0131 i\u015flemlerde kulland\u0131\u011f\u0131 kimyasal maddelerin y\u00f6netimini, tabi oldu\u011fu t\u00fcm yasal mevzuat \u015fartlar\u0131 ve di\u011fer \u015fartlara (REACH, OEKO-Tex 100, ZDHC MRSL ve STEP OEKO-TEX MRSL vb) g\u00f6re ger\u00e7ekle\u015ftirmeyi taahh\u00fct eder. Amac\u0131m\u0131z, kimyasal kullan\u0131m\u0131n\u0131n \u00e7evre ve i\u015f sa\u011fl\u0131\u011f\u0131 ve g\u00fcvenli\u011fi risklerini anlamak, riskleri azaltmak ve kazalar\u0131, hastal\u0131klar\u0131 ve \u00e7evre kirlili\u011fini \u00f6nlemektir.<br><br>Buna g\u00f6re G\u00dcVEN\u00c7 BOYA A.\u015e. olarak;<br><br>&#8211; \u00dcretimimiz s\u0131ras\u0131nda , OEKO-Tex 100, ZDHC MRSL ve STEP OEKO-TEX MRSL \u015fartlar\u0131na uygun kimyasal ve boyarmaddelerin kullan\u0131m\u0131n\u0131 sa\u011flamay\u0131,<br><br>&#8211; \u00dcretim proseslerimizde ve \u00fcretim d\u0131\u015f\u0131 i\u015flemlerde kulland\u0131\u011f\u0131m\u0131z kimyasallar\u0131n envanterini t\u00fcm \u015fartlara uygun \u015fekilde y\u00f6netmeyi,<br><br>&#8211; Kimyasal se\u00e7iminde, kimyasal\u0131n fonksiyonu kadar i\u015f sa\u011fl\u0131\u011f\u0131 ve g\u00fcvenli\u011fi ve \u00e7evre \u00fczerindeki etkilerini de dikkate almay\u0131, tehlikeli kabul edilen kimyasallar\u0131, m\u00fcmk\u00fcn oldu\u011fu kadar daha az tehlikeli olanla ikame etmeyi, yasakl\u0131 kimyasallar\u0131 kesinlikle kullanmamay\u0131, m\u00fcmk\u00fcn olan durumlarda daha az kimyasal kullanarak daha az at\u0131k olu\u015fturmay\u0131,<br><br>&#8211; Kimyasal madde at\u0131klar\u0131n\u0131, kontamine olmu\u015f ambalaj vb at\u0131klar\u0131n\u0131, i\u015f sa\u011fl\u0131\u011f\u0131 ve g\u00fcvenli\u011fi kurallar\u0131na ve \u00e7evre mevzuat\u0131na uygun \u015fekilde bertaraf etmeyi,<br><br>&#8211; \u0130lgili payda\u015flar\u0131m\u0131z\u0131n kimyasal y\u00f6netimi \u015fartlar\u0131na uyumu i\u00e7in gerekli \u00e7al\u0131\u015fmalar\u0131 yapmay\u0131,<br><br>&#8211; \u00c7al\u0131\u015fanlar\u0131m\u0131z\u0131 kimyasallar\u0131n olumsuz etkileri hakk\u0131nda s\u00fcrekli e\u011fiterek bilin\u00e7lendirmeyi,<br><br>&#8211; Kimyasal kaynakl\u0131 i\u015f kazalar\u0131n\u0131, meslek hastal\u0131klar\u0131n\u0131 ve \u00e7evre kazalar\u0131n\u0131 \u00f6nleyecek \u00e7al\u0131\u015fmalar yapmay\u0131, acil durumlara haz\u0131rl\u0131kl\u0131 olmay\u0131,<br><br>&#8211; Kimyasal y\u00f6netim faaliyetlerini s\u00fcrekli iyile\u015ftirme yaparak s\u00fcrd\u00fcrmeyi taahh\u00fct ediyoruz.<br><br><br><br><strong>\u0130\u015e SA\u011eLI\u011eI ve G\u00dcVENL\u0130\u011e\u0130 POL\u0130T\u0130KASI<\/strong><br><br>G\u00dcVEN\u00c7 BOYA A.\u015e. olarak;<br><br>&#8211; \u0130\u015f sa\u011fl\u0131\u011f\u0131 ve g\u00fcvenli\u011fi ile ilgili tabi oldu\u011fumuz t\u00fcm yasal ve di\u011fer \u015fartlara uymay\u0131,<br><br>&#8211; \u00c7al\u0131\u015fanlar\u0131m\u0131z\u0131, stajyerlerimizi ve faaliyetlerimizden etkilenebilecek t\u00fcm taraflar\u0131 korumay\u0131,<br><br>&#8211; \u00c7al\u0131\u015fanlar\u0131m\u0131za dan\u0131\u015farak ve onlar\u0131n kat\u0131l\u0131m\u0131n\u0131 sa\u011flayarak, sa\u011fl\u0131kl\u0131, g\u00fcvenli, hijyenik bir \u00e7al\u0131\u015fma ortam\u0131 olu\u015fturmay\u0131,<br><br>&#8211; \u0130\u015f kazalar\u0131n\u0131 en az indirmeyi ve meslek hastal\u0131klar\u0131n\u0131 \u00f6nlemeyi, \u0130SG risklerini azaltmay\u0131,<br><br>&#8211; \u00c7al\u0131\u015fan Temsilcilerimizin aktif \u015fekilde \u00e7al\u0131\u015fmas\u0131 i\u00e7in gerekli ko\u015fullar\u0131 olu\u015fturarak, karar s\u00fcre\u00e7lerine kat\u0131lmas\u0131n\u0131 sa\u011flamay\u0131,<br><br>&#8211; Tedarik\u00e7ilerimizin de \u0130SG konusunda benzer yakla\u015f\u0131mda olmas\u0131n\u0131 sa\u011flamay\u0131,<br><br>&#8211; \u00c7al\u0131\u015fanlar\u0131m\u0131z\u0131 \u0130SG konusunda s\u00fcrekli e\u011fiterek bilin\u00e7lendirmeyi,<br><br>&#8211; \u0130SG y\u00f6netim faaliyetlerini s\u00fcrekli iyile\u015ftirme yaparak s\u00fcrd\u00fcrmeyi taahh\u00fct ediyoruz.<\/p>\n\n\n\n<p><strong>ATIK SU POL\u0130T\u0130KASI<\/strong><\/p>\n\n\n\n<p>G\u00dcVEN\u00c7 BOYA A.\u015e. olarak;<\/p>\n\n\n\n<p>&#8211; Tekstil boya-terbiye sekt\u00f6r\u00fcnde, end\u00fcstriyel at\u0131k su ile ilgili tabi oldu\u011fumuz t\u00fcm yasal ve di\u011fer \u015fartlara uymay\u0131,<\/p>\n\n\n\n<p>&#8211; At\u0131k suyu azaltacak proses ve re\u00e7ete tasar\u0131mlar\u0131 yapmay\u0131,<\/p>\n\n\n\n<p>&#8211; Yeni ekipman se\u00e7imlerinde, m\u00fcmk\u00fcn olan en az at\u0131k suyun a\u00e7\u0131\u011fa \u00e7\u0131kmas\u0131n\u0131 sa\u011flayacak tasar\u0131mlar\u0131 dikkate almay\u0131,<\/p>\n\n\n\n<p>&#8211; Boya ve kimyasal re\u00e7etelerinde, daha az kullan\u0131mla ayn\u0131 sonucu verebilecek kimyasal se\u00e7imleri yaparak at\u0131k su y\u00fck\u00fcn\u00fc azaltmay\u0131,<\/p>\n\n\n\n<p>&#8211; At\u0131k sudan \u0131s\u0131 geri kazan\u0131m yoluyla enerji tasarrufu sa\u011flamay\u0131,<\/p>\n\n\n\n<p>&#8211; At\u0131k suda izlenmesi gereken parametreleri s\u00fcrekli izlemeyi ve hedef de\u011ferlerle k\u0131yaslayarak gerekli \u00f6nlemleri almay\u0131, ,<\/p>\n\n\n\n<p>&#8211; Hizmet ald\u0131\u011f\u0131m\u0131z ar\u0131tma tesisiyle i\u015fbirli\u011fi i\u00e7erisinde \u00e7al\u0131\u015farak at\u0131k suyu en do\u011fru \u015fekilde y\u00f6netmeyi,<\/p>\n\n\n\n<p>&#8211; \u00c7al\u0131\u015fanlar\u0131m\u0131z\u0131n s\u00fcrekli e\u011fitimler ve denetimler yoluyla \u00e7evre g\u00fcvenli\u011fi, verimli su ve enerji kullan\u0131m\u0131 kurallar\u0131n\u0131 benimsemesini ve uygulamas\u0131n\u0131 sa\u011flamay\u0131,<\/p>\n\n\n\n<p>&#8211; Y\u00f6netim Sistemi faaliyetlerini s\u00fcrekli iyile\u015ftirme yaparak s\u00fcrd\u00fcrmeyi taahh\u00fct ediyoruz.<\/p>\n\n\n\n<p><strong>ENERJ\u0130  POL\u0130T\u0130KASI<\/strong><\/p>\n\n\n\n<p>ISO 50001 Enerji Y\u00f6netim Sistemi; <strong>G\u00dcVEN\u00c7 TEKST\u0130L BOYA SAN. VE T\u0130C. A.\u015e. <\/strong>y\u00f6netim sisteminin bile\u015feni ve enerji mevzuat\u0131na uyum sa\u011flaman\u0131n temel arac\u0131d\u0131r.<\/p>\n\n\n\n<p>ISO 50001 Enerji Y\u00f6netim Sistemi standard\u0131n\u0131 referans alarak, kapsam ve s\u0131n\u0131rlar\u0131 tan\u0131mlanm\u0131\u015f enerji t\u00fcrlerinde, enerji yo\u011funlu\u011funu d\u00fc\u015f\u00fcrecek s\u00fcrekli iyile\u015ftirme \u00e7al\u0131\u015fmalar\u0131 yapar\u0131z.<\/p>\n\n\n\n<p>Enerji konusundaki stratejik planlama, taktiksel planlama(enerji g\u00f6zden ge\u00e7irmesi), operasyonel planlama, i\u00e7 denetimler ve y\u00f6netim g\u00f6zden ge\u00e7irme \u00e7al\u0131\u015fmalar\u0131 ile belirlenen faaliyetleri, gerekli kaynaklar\u0131 sa\u011flayarak sonu\u00e7land\u0131r\u0131r\u0131z.<\/p>\n\n\n\n<p>Yenileme ve ilk yat\u0131r\u0131mlarda enerji t\u00fcketimini etkileyen\/etkileyebilecek tasar\u0131m \u00f6zelliklerini belirleriz ve bu \u00f6zelliklere uygun s\u00fcre\u00e7 tasar\u0131mlar\u0131n\u0131n yap\u0131lmas\u0131n\u0131 sa\u011flar\u0131z. Enerji ve \u00f6nemli enerji kullan\u0131mlar\u0131 ile ilgili sat\u0131nalma i\u015flemlerini teknik \u015fartnamelere ba\u011fl\u0131 olarak ger\u00e7ekle\u015ftiririz.<\/p>\n\n\n\n<p>Personelimizin enerji fark\u0131ndal\u0131\u011f\u0131n\u0131 ve yetkinli\u011fini art\u0131rarak, enerji tasarrufunun s\u00fcreklili\u011fini sa\u011flar\u0131z.<\/p>\n\n\n\n<p><strong>G\u00dcVEN\u00c7 TEKST\u0130L BOYA SAN. VE T\u0130C. A.\u015e.<\/strong>, ISO 50001 EnYS kapsam\u0131nda; k\u00fcresel iklim de\u011fi\u015fikli\u011fini azaltmaya katk\u0131 sa\u011flayacak faaliyetler ger\u00e7ekle\u015ftirir.                                                                                                                       <\/p>\n\n\n\n<p><br><br>                                                                                                                                                                                                                                                                                                                                   <\/p>\n\n\n\n<p><\/p>\n","protected":false},"excerpt":{"rendered":"<p>\u00c7EVRE, ENERJ\u0130 ve SU POL\u0130T\u0130KASI G\u00dcVEN\u00c7 BOYA A.\u015e. olarak; &#8211; Tekstil boya-terbiye sekt\u00f6r\u00fcnde, \u00e7evre g\u00fcvenli\u011fi, enerji ve su kullan\u0131m\u0131 ile<\/p>\n","protected":false},"author":1,"featured_media":0,"parent":0,"menu_order":0,"comment_status":"closed","ping_status":"open","template":"","meta":{"footnotes":""},"class_list":["post-10251","page","type-page","status-publish","hentry"],"_links":{"self":[{"href":"https:\/\/guvencboya.com.tr\/tr\/wp-json\/wp\/v2\/pages\/10251","targetHints":{"allow":["GET"]}}],"collection":[{"href":"https:\/\/guvencboya.com.tr\/tr\/wp-json\/wp\/v2\/pages"}],"about":[{"href":"https:\/\/guvencboya.com.tr\/tr\/wp-json\/wp\/v2\/types\/page"}],"author":[{"embeddable":true,"href":"https:\/\/guvencboya.com.tr\/tr\/wp-json\/wp\/v2\/users\/1"}],"replies":[{"embeddable":true,"href":"https:\/\/guvencboya.com.tr\/tr\/wp-json\/wp\/v2\/comments?post=10251"}],"version-history":[{"count":5,"href":"https:\/\/guvencboya.com.tr\/tr\/wp-json\/wp\/v2\/pages\/10251\/revisions"}],"predecessor-version":[{"id":11515,"href":"https:\/\/guvencboya.com.tr\/tr\/wp-json\/wp\/v2\/pages\/10251\/revisions\/11515"}],"wp:attachment":[{"href":"https:\/\/guvencboya.com.tr\/tr\/wp-json\/wp\/v2\/media?parent=10251"}],"curies":[{"name":"wp","href":"https:\/\/api.w.org\/{rel}","templated":true}]}}